{"id":129,"date":"2020-04-21T16:07:43","date_gmt":"2020-04-21T15:07:43","guid":{"rendered":"http:\/\/fragrances.local\/?post_type=product&#038;p=129"},"modified":"2020-08-03T20:27:49","modified_gmt":"2020-08-03T19:27:49","slug":"hollywood","status":"publish","type":"product","link":"https:\/\/playboyfragrances.com\/de\/product\/hollywood\/","title":{"rendered":"Hollywood"},"content":{"rendered":"<div class=\"block-product-description-container\">\n        <div class=\"block acf-block block-product-description\">\n            <div class=\"container\">\n                <div class=\"row product-and-description\">\n                    <div class=\"col-12 col-md-5\">\n                        <div class=\"product-description\">\n                            <div class=\"product-category\">\n                                <div class=\"hr-wrapper inline-hr-left\">\n                                <\/div>\n                            <\/div>\n                            <div class=\"product-title\">\n                                <div class=\"hr-wrapper inline-hr-right\">\n                                    <div class=\"hr\"><\/div>\n                                <\/div>\n                                <div class=\"slide-wrapper\">\n                                    <h1 class=\"h3 slide-up\">Hollywood<\/h1>\n                                <\/div>\n                            <\/div>\n                            <p>Die Welt ist ein Filmset und du bist der Hauptdarsteller. Ehrgeiz wird bei dir gro\u00df geschrieben, Erfolg ist dein h\u00f6chstes Ziel. Du tr\u00e4umst nicht dein Leben, sondern lebst deine Tr\u00e4ume und strebst immer nach dem Besten. Mit Playboy Hollywood For Him stehst du im Rampenlicht und bist der Star.<\/p>\n                                                                                                                                        <\/div>\n                    <\/div>\n                    <div class=\"col-12 col-md-7\">\n                        <div class=\"product-image\">\n                            <img srcset=\"https:\/\/playboyfragrances.com\/de\/wp-content\/uploads\/sites\/3\/2020\/04\/Hollywood1.jpg 1x, https:\/\/playboyfragrances.com\/de\/wp-content\/uploads\/sites\/3\/2020\/04\/Hollywood1.jpg 2x\" class=\"img-fluid\" \/>\n                            <!--<img srcset=\"--><!--\/img\/products\/for-him.png 1x, --><!--\/img\/products\/for-him-2x.png 2x\" class=\"img-fluid\" \/>-->\n                        <\/div>\n                    <\/div>\n                <\/div>\n            <\/div>\n        <\/div>\n<\/div>\n\n<div class=\"block acf-block block-product-video\">\n    <div class=\"container-medium\">\n        <div class=\"row\">\n            <div class=\"col-12 px-0\">\n                <div class=\"overlay-wrapper\">\n                    <div class=\"overlay\"><\/div>\n                    <div class=\"video-wrapper\">\n                                                    <img decoding=\"async\" src=\"https:\/\/playboyfragrances.com\/de\/wp-content\/uploads\/sites\/3\/2020\/04\/Hollywood-1.jpg\" alt=\"\" class=\"img-fluid\" \/>\n                                                                    <\/div>\n                <\/div>\n            <\/div>\n        <\/div>\n    <\/div>\n<\/div>\n\n<div class=\"block acf-block block-product-ingredients\">\n    <div class=\"container\">\n            <div class=\"product-ingredients-background\">\n            <div class=\"row\">\n                <div class=\"col-12 col-md-7\">\n                    <div class=\"product-ingredients-image\">\n                        <div class=\"ingredients-image\">\n                            <img decoding=\"async\" src=\"https:\/\/playboyfragrances.com\/de\/wp-content\/uploads\/sites\/3\/2020\/04\/Hollywood2.jpg\" class=\"img-fluid\" \/>\n                        <\/div>\n                    <\/div>\n                <\/div>\n                <div class=\"col-12 col-md-5 product-ingredients-wrapper\">\n                    <div class=\"product-ingredients\">\n                        <div class=\"product-ingredients-content\">\n                            <div class=\"hr-wrapper\">\n                                <div class=\"hr\"><\/div>\n                            <\/div>\n                            <div class=\"slide-wrapper\">\n                                <h3 class=\"slide-up\">Der Duft<\/h3>\n                            <\/div>\n                            <div class=\"fade-in\">\n                                                                <p>DER DUFT. Dazzling Woody. Gewagte, maskuline Holznoten, die durch einen Hauch von Gew\u00fcrzen zu neuem Leben erweckt werden. Playboy Hollywood ist ein aufregender Duft mit echten Starqualit\u00e4ten. \u2014 F\u00fcr den ehrgeizigen und erfolgreichen Mann, der all seine Tr\u00e4ume wahr macht. Kopfnote: Mandarine, Thymian, Bergamotte, Elemi. Herznote: Lavendel, Rosenholz, Jasmin, Zedernholz. Basisnote: Vetiver, Moschus, warmer Bernstein, Vanille, Sandelholz.<\/p>\n                                \n                                                                \n                                <!--Lorem ipsum dolor sit amet, consectetur adipiscing elit, sed do eiusmod tempor incididunt ut labore et dolore magna aliqua. Ut enim ad minim veniam, quis nostrud exercitation ullamco laboris.-->\n                                <!--<a href=\"\" class=\"btn btn-primary\">Shop now<\/a>-->\n                            <\/div>\n                        <\/div>\n                    <\/div>\n                <\/div>\n            <\/div>\n        <\/div>\n    <\/div>\n<\/div>\n\n<div class=\"block acf-block block-product-collage fade-in parallax-2\">\n    <div class=\"container\">\n        <div class=\"row\">\n            <div class=\"col-12 col-md-7\">\n                <div class=\"product-collage collage-image-left\">\n                    <img decoding=\"async\" src=\"https:\/\/playboyfragrances.com\/de\/wp-content\/uploads\/sites\/3\/2020\/04\/Hollywood1-1.jpg\" class=\"img-fluid\" \/>\n                <\/div>\n            <\/div>\n            <div class=\"col-12 col-md-5\">\n                <div class=\"product-collage collage-image-right parallax-1\">\n                    <img decoding=\"async\" src=\"https:\/\/playboyfragrances.com\/de\/wp-content\/uploads\/sites\/3\/2020\/04\/Hollywood3.jpg\" class=\"img-fluid\" \/>\n                <\/div>\n                <div class=\"product-collage collage-image-center parallax-2\">\n                    <img decoding=\"async\" src=\"https:\/\/playboyfragrances.com\/de\/wp-content\/uploads\/sites\/3\/2020\/04\/Hollywood2-1.jpg\" class=\"img-fluid\" \/>\n                <\/div>\n            <\/div>\n        <\/div>\n    <\/div>\n<\/div>","protected":false},"excerpt":{"rendered":"<p>Die Welt ist ein Filmset und du bist der Hauptdarsteller. Ehrgeiz wird bei dir gro\u00df geschrieben, Erfolg ist dein h\u00f6chstes Ziel. Du tr\u00e4umst nicht dein Leben, sondern lebst deine Tr\u00e4ume und strebst immer nach dem Besten. Mit Playboy Hollywood For Him stehst du im Rampenlicht und bist der Star.<\/p>\n","protected":false},"featured_media":190,"comment_status":"open","ping_status":"closed","template":"","meta":[],"class_list":["post-129","product","type-product","status-publish","has-post-thumbnail","hentry","product_cat-for-him"],"yoast_head":"<!-- This site is optimized with the Yoast SEO plugin v14.7 - https:\/\/yoast.com\/wordpress\/plugins\/seo\/ -->\n<title>Hollywood - Playboy Fragrance | DE<\/title>\n<meta name=\"robots\" content=\"index, follow\" \/>\n<meta name=\"googlebot\" content=\"index, follow, max-snippet:-1, max-image-preview:large, max-video-preview:-1\" \/>\n<meta name=\"bingbot\" content=\"index, follow, max-snippet:-1, max-image-preview:large, max-video-preview:-1\" \/>\n<link rel=\"canonical\" href=\"https:\/\/playboyfragrance.oneagency.co\/de\/product\/hollywood\/\" \/>\n<meta property=\"og:locale\" content=\"en_GB\" \/>\n<meta property=\"og:type\" content=\"article\" \/>\n<meta property=\"og:title\" content=\"Hollywood - Playboy Fragrance | DE\" \/>\n<meta property=\"og:description\" content=\"Die Welt ist ein Filmset und du bist der Hauptdarsteller. Ehrgeiz wird bei dir gro\u00df geschrieben, Erfolg ist dein h\u00f6chstes Ziel. Du tr\u00e4umst nicht dein Leben, sondern lebst deine Tr\u00e4ume und strebst immer nach dem Besten. Mit Playboy Hollywood For Him stehst du im Rampenlicht und bist der Star.\" \/>\n<meta property=\"og:url\" content=\"https:\/\/playboyfragrance.oneagency.co\/de\/product\/hollywood\/\" \/>\n<meta property=\"og:site_name\" content=\"Playboy Fragrance | DE\" \/>\n<meta property=\"article:modified_time\" content=\"2020-08-03T19:27:49+00:00\" \/>\n<meta property=\"og:image\" content=\"https:\/\/playboyfragrances.com\/de\/wp-content\/uploads\/sites\/3\/2020\/04\/Hollywood1.jpg\" \/>\n\t<meta property=\"og:image:width\" content=\"652\" \/>\n\t<meta property=\"og:image:height\" content=\"1090\" \/>\n<meta name=\"twitter:card\" content=\"summary_large_image\" \/>\n<script type=\"application\/ld+json\" class=\"yoast-schema-graph\">{\"@context\":\"https:\/\/schema.org\",\"@graph\":[{\"@type\":\"WebSite\",\"@id\":\"https:\/\/playboyfragrances.com\/de\/#website\",\"url\":\"https:\/\/playboyfragrances.com\/de\/\",\"name\":\"Playboy Fragrance | DE\",\"description\":\"\",\"potentialAction\":[{\"@type\":\"SearchAction\",\"target\":\"https:\/\/playboyfragrances.com\/de\/?s={search_term_string}\",\"query-input\":\"required name=search_term_string\"}],\"inLanguage\":\"en-GB\"},{\"@type\":\"ImageObject\",\"@id\":\"https:\/\/playboyfragrance.oneagency.co\/de\/product\/hollywood\/#primaryimage\",\"inLanguage\":\"en-GB\",\"url\":\"https:\/\/playboyfragrances.com\/de\/wp-content\/uploads\/sites\/3\/2020\/04\/Hollywood1.jpg\",\"width\":652,\"height\":1090},{\"@type\":\"WebPage\",\"@id\":\"https:\/\/playboyfragrance.oneagency.co\/de\/product\/hollywood\/#webpage\",\"url\":\"https:\/\/playboyfragrance.oneagency.co\/de\/product\/hollywood\/\",\"name\":\"Hollywood - Playboy Fragrance | DE\",\"isPartOf\":{\"@id\":\"https:\/\/playboyfragrances.com\/de\/#website\"},\"primaryImageOfPage\":{\"@id\":\"https:\/\/playboyfragrance.oneagency.co\/de\/product\/hollywood\/#primaryimage\"},\"datePublished\":\"2020-04-21T15:07:43+00:00\",\"dateModified\":\"2020-08-03T19:27:49+00:00\",\"inLanguage\":\"en-GB\",\"potentialAction\":[{\"@type\":\"ReadAction\",\"target\":[\"https:\/\/playboyfragrance.oneagency.co\/de\/product\/hollywood\/\"]}]}]}<\/script>\n<!-- \/ Yoast SEO plugin. -->","_links":{"self":[{"href":"https:\/\/playboyfragrances.com\/de\/wp-json\/wp\/v2\/product\/129","targetHints":{"allow":["GET"]}}],"collection":[{"href":"https:\/\/playboyfragrances.com\/de\/wp-json\/wp\/v2\/product"}],"about":[{"href":"https:\/\/playboyfragrances.com\/de\/wp-json\/wp\/v2\/types\/product"}],"replies":[{"embeddable":true,"href":"https:\/\/playboyfragrances.com\/de\/wp-json\/wp\/v2\/comments?post=129"}],"wp:featuredmedia":[{"embeddable":true,"href":"https:\/\/playboyfragrances.com\/de\/wp-json\/wp\/v2\/media\/190"}],"wp:attachment":[{"href":"https:\/\/playboyfragrances.com\/de\/wp-json\/wp\/v2\/media?parent=129"}],"curies":[{"name":"wp","href":"https:\/\/api.w.org\/{rel}","templated":true}]}}