{"id":130,"date":"2020-04-21T16:26:45","date_gmt":"2020-04-21T15:26:45","guid":{"rendered":"http:\/\/fragrances.local\/?post_type=product&#038;p=130"},"modified":"2022-08-18T15:05:30","modified_gmt":"2022-08-18T14:05:30","slug":"make-the-cover-der-duft","status":"publish","type":"product","link":"https:\/\/playboyfragrances.com\/de\/product\/make-the-cover-der-duft\/","title":{"rendered":"Make The Cover"},"content":{"rendered":"    <div class=\"block acf-block block-product-mtc-description for-her\">\n        <div class=\"container\">\n            <div class=\"row flex-column-reverse flex-md-row\">\n                <div class=\"col-12 col-md-5\">\n                    <div class=\"product-description\">\n                        <div class=\"product-category\">\n                            <div class=\"hr-wrapper inline-hr-left\">\n                                <div class=\"hr\"><\/div>\n                            <\/div>\n                            <div class=\"slide-wrapper\">\n                                <h2 class=\"h3\">F\u00dcR SIE<\/h2>\n                            <\/div>\n                        <\/div>\n                        <div class=\"product-title\">\n                            <div class=\"hr-wrapper inline-hr-right\">\n                                <div class=\"hr\"><\/div>\n                            <\/div>\n                            <div class=\"slide-wrapper\">\n                                <h1 class=\"h3 slide-up\">Make The Cover<\/h1>\n                            <\/div>\n                        <\/div>\n                                                <p>Make The Cover For Her ist ein einnehmender, blumig-fruchtiger Duft, der Fr\u00f6hlichkeit ausstrahlt und ein unbeschwertes Gef\u00fchl von Freiheit, Ferien und Sommer auf der Haut hinterl\u00e4sst. Kreiert von den passionierten Parf\u00fcmeurinnen Roxanne Kirkpatrick und Louise Turner von Givaudan, er\u00f6ffnet der Duft mit einer erhebenden Mischung aus pikanter Bergamotte, saftigem Pfirsich und tropischen Ananasnoten f\u00fcr einen ersten, verlockenden Schuss Lebendigkeit. Diese verschmilzt zu einem leuchtenden Blumenstrau\u00df aus Rose, Maigl\u00f6ckchen und Jasmin f\u00fcr ein sinnliches, modernes und weibliches Dufterlebnis. Warme, holzige T\u00f6ne von Zedernholz, Ambrofix und Sandelholz runden die verf\u00fchrerische Handschrift des Duftes ab. <\/p>\n                    <\/div>\n                <\/div>\n                <div class=\"col-md-7 px-0\">\n                    <div class=\"product-image parallax-disabled-sm\">\n                        <img srcset=\"https:\/\/playboyfragrances.com\/wp-content\/uploads\/sites\/3\/2020\/04\/New-For-Her.png 1x, https:\/\/playboyfragrances.com\/wp-content\/uploads\/sites\/3\/2020\/04\/New-For-Her.png 2x\" class=\"img-fluid\" \/>\n                    <\/div>\n                <\/div>\n            <\/div>\n        <\/div>\n    <\/div>\n\n\n<div class=\"block acf-block block-product-video\">\n    <div class=\"container-medium\">\n        <div class=\"row\">\n            <div class=\"col-12 px-0\">\n                <div class=\"overlay-wrapper\">\n                    <div class=\"overlay\"><\/div>\n                    <div class=\"video-wrapper\">\n                                                    <img decoding=\"async\" src=\"https:\/\/playboyfragrances.com\/de\/wp-content\/uploads\/sites\/3\/2020\/04\/playboy-mtc-pink-silk-72dpi.jpg\" alt=\"\" class=\"img-fluid\" \/>\n                                                                    <\/div>\n                <\/div>\n            <\/div>\n        <\/div>\n    <\/div>\n<\/div>\n\n    <div class=\"block acf-block block-product-mtc-ingredients fade-up for-her\">\n        <div class=\"container\">\n            <div class=\"product-ingredients-background\">\n                <div class=\"row\">\n                    <div class=\"col-12 col-md-7\">\n                        <div class=\"product-ingredients-image\">\n                            <div class=\"ingredients-image product-ingredients-background parallax-2\"><\/div>\n                            <div class=\"ingredients-image layer-1\">\n                                <img decoding=\"async\" src=\"https:\/\/playboyfragrances.com\/de\/wp-content\/uploads\/sites\/3\/2020\/03\/her-1.png\" class=\"img-fluid\" \/>\n                            <\/div>\n                            <div class=\"ingredients-image layer-2\">\n                                <img decoding=\"async\" src=\"https:\/\/playboyfragrances.com\/de\/wp-content\/uploads\/sites\/3\/2020\/03\/her-2.png\" class=\"img-fluid\" \/>\n                            <\/div>\n                            <div class=\"ingredients-image layer-3\">\n                                <img decoding=\"async\" src=\"https:\/\/playboyfragrances.com\/de\/wp-content\/uploads\/sites\/3\/2020\/03\/her-3.png\" class=\"img-fluid parallax-2\" \/>\n                            <\/div>\n                            <div class=\"ingredients-image layer-4\">\n                                <img decoding=\"async\" src=\"https:\/\/playboyfragrances.com\/wp-content\/uploads\/sites\/3\/2020\/04\/make-the-cover-for-her-2.png\" class=\"img-fluid parallax-1\" \/>\n                            <\/div>\n                        <\/div>\n                    <\/div>\n                    <div class=\"col-12 col-md-5\">\n                        <div class=\"product-ingredients-content\">\n                            \n                                \n                                    <ul>\n\n                                    \n                                        \n                                            <li>Kopfnote<\/li>\n\n                                        \n                                            <li>Bergamotte<\/li>\n\n                                        \n                                            <li>Pfirsich<\/li>\n\n                                        \n                                            <li>Ananas<\/li>\n\n                                        \n                                    \n                                    <\/ul>\n\n                                \n                                    <ul>\n\n                                    \n                                        \n                                            <li>Herznotee<\/li>\n\n                                        \n                                            <li>Rose Absolut<\/li>\n\n                                        \n                                            <li>Maigl\u00f6ckchen Jasmin<\/li>\n\n                                        \n                                            <li>Jasmin<\/li>\n\n                                        \n                                    \n                                    <\/ul>\n\n                                \n                                    <ul>\n\n                                    \n                                        \n                                            <li>Basisnote<\/li>\n\n                                        \n                                            <li>Weisses Zedernholz<\/li>\n\n                                        \n                                            <li>Ambrofix<\/li>\n\n                                        \n                                            <li>Sandelholz<\/li>\n\n                                        \n                                    \n                                    <\/ul>\n\n                                \n                                                    <\/div>\n                    <\/div>\n                <\/div>\n            <\/div>\n        <\/div>\n    <\/div>\n","protected":false},"excerpt":{"rendered":"<p>Make The Cover For Her ist ein einnehmender, blumig-fruchtiger Duft, der Fr\u00f6hlichkeit ausstrahlt und ein unbeschwertes Gef\u00fchl von Freiheit, Ferien und Sommer auf der Haut hinterl\u00e4sst. Kreiert von den passionierten Parf\u00fcmeurinnen Roxanne Kirkpatrick und Louise Turner von Givaudan, er\u00f6ffnet der Duft mit einer erhebenden Mischung aus pikanter Bergamotte, saftigem Pfirsich und tropischen Ananasnoten f\u00fcr einen ersten, verlockenden Schuss Lebendigkeit. Diese verschmilzt zu einem leuchtenden Blumenstrau\u00df aus Rose, Maigl\u00f6ckchen und Jasmin f\u00fcr ein sinnliches, modernes und weibliches Dufterlebnis. Warme, holzige T\u00f6ne von Zedernholz, Ambrofix und Sandelholz runden die verf\u00fchrerische Handschrift des Duftes ab.<\/p>\n","protected":false},"featured_media":610,"comment_status":"open","ping_status":"closed","template":"","meta":[],"class_list":["post-130","product","type-product","status-publish","has-post-thumbnail","hentry","product_cat-for-her"],"yoast_head":"<!-- This site is optimized with the Yoast SEO plugin v14.7 - https:\/\/yoast.com\/wordpress\/plugins\/seo\/ -->\n<title>Make The Cover - Playboy Fragrance | DE<\/title>\n<meta name=\"robots\" content=\"index, follow\" \/>\n<meta name=\"googlebot\" content=\"index, follow, max-snippet:-1, max-image-preview:large, max-video-preview:-1\" \/>\n<meta name=\"bingbot\" content=\"index, follow, max-snippet:-1, max-image-preview:large, max-video-preview:-1\" \/>\n<link rel=\"canonical\" href=\"https:\/\/playboyfragrance.oneagency.co\/de\/product\/make-the-cover-der-duft\/\" \/>\n<meta property=\"og:locale\" content=\"en_GB\" \/>\n<meta property=\"og:type\" content=\"article\" \/>\n<meta property=\"og:title\" content=\"Make The Cover - Playboy Fragrance | DE\" \/>\n<meta property=\"og:description\" content=\"Make The Cover For Her ist ein einnehmender, blumig-fruchtiger Duft, der Fr\u00f6hlichkeit ausstrahlt und ein unbeschwertes Gef\u00fchl von Freiheit, Ferien und Sommer auf der Haut hinterl\u00e4sst. Kreiert von den passionierten Parf\u00fcmeurinnen Roxanne Kirkpatrick und Louise Turner von Givaudan, er\u00f6ffnet der Duft mit einer erhebenden Mischung aus pikanter Bergamotte, saftigem Pfirsich und tropischen Ananasnoten f\u00fcr einen ersten, verlockenden Schuss Lebendigkeit. Diese verschmilzt zu einem leuchtenden Blumenstrau\u00df aus Rose, Maigl\u00f6ckchen und Jasmin f\u00fcr ein sinnliches, modernes und weibliches Dufterlebnis. Warme, holzige T\u00f6ne von Zedernholz, Ambrofix und Sandelholz runden die verf\u00fchrerische Handschrift des Duftes ab.\" \/>\n<meta property=\"og:url\" content=\"https:\/\/playboyfragrance.oneagency.co\/de\/product\/make-the-cover-der-duft\/\" \/>\n<meta property=\"og:site_name\" content=\"Playboy Fragrance | DE\" \/>\n<meta property=\"article:modified_time\" content=\"2022-08-18T14:05:30+00:00\" \/>\n<meta property=\"og:image\" content=\"https:\/\/playboyfragrances.com\/de\/wp-content\/uploads\/sites\/3\/2020\/04\/New-For-Her.png\" \/>\n\t<meta property=\"og:image:width\" content=\"683\" \/>\n\t<meta property=\"og:image:height\" content=\"1024\" \/>\n<meta name=\"twitter:card\" content=\"summary_large_image\" \/>\n<script type=\"application\/ld+json\" class=\"yoast-schema-graph\">{\"@context\":\"https:\/\/schema.org\",\"@graph\":[{\"@type\":\"WebSite\",\"@id\":\"https:\/\/playboyfragrances.com\/de\/#website\",\"url\":\"https:\/\/playboyfragrances.com\/de\/\",\"name\":\"Playboy Fragrance | DE\",\"description\":\"\",\"potentialAction\":[{\"@type\":\"SearchAction\",\"target\":\"https:\/\/playboyfragrances.com\/de\/?s={search_term_string}\",\"query-input\":\"required name=search_term_string\"}],\"inLanguage\":\"en-GB\"},{\"@type\":\"ImageObject\",\"@id\":\"https:\/\/playboyfragrance.oneagency.co\/de\/product\/make-the-cover-der-duft\/#primaryimage\",\"inLanguage\":\"en-GB\",\"url\":\"https:\/\/playboyfragrances.com\/de\/wp-content\/uploads\/sites\/3\/2020\/04\/New-For-Her.png\",\"width\":683,\"height\":1024},{\"@type\":\"WebPage\",\"@id\":\"https:\/\/playboyfragrance.oneagency.co\/de\/product\/make-the-cover-der-duft\/#webpage\",\"url\":\"https:\/\/playboyfragrance.oneagency.co\/de\/product\/make-the-cover-der-duft\/\",\"name\":\"Make The Cover - Playboy Fragrance | DE\",\"isPartOf\":{\"@id\":\"https:\/\/playboyfragrances.com\/de\/#website\"},\"primaryImageOfPage\":{\"@id\":\"https:\/\/playboyfragrance.oneagency.co\/de\/product\/make-the-cover-der-duft\/#primaryimage\"},\"datePublished\":\"2020-04-21T15:26:45+00:00\",\"dateModified\":\"2022-08-18T14:05:30+00:00\",\"inLanguage\":\"en-GB\",\"potentialAction\":[{\"@type\":\"ReadAction\",\"target\":[\"https:\/\/playboyfragrance.oneagency.co\/de\/product\/make-the-cover-der-duft\/\"]}]}]}<\/script>\n<!-- \/ Yoast SEO plugin. -->","_links":{"self":[{"href":"https:\/\/playboyfragrances.com\/de\/wp-json\/wp\/v2\/product\/130","targetHints":{"allow":["GET"]}}],"collection":[{"href":"https:\/\/playboyfragrances.com\/de\/wp-json\/wp\/v2\/product"}],"about":[{"href":"https:\/\/playboyfragrances.com\/de\/wp-json\/wp\/v2\/types\/product"}],"replies":[{"embeddable":true,"href":"https:\/\/playboyfragrances.com\/de\/wp-json\/wp\/v2\/comments?post=130"}],"wp:featuredmedia":[{"embeddable":true,"href":"https:\/\/playboyfragrances.com\/de\/wp-json\/wp\/v2\/media\/610"}],"wp:attachment":[{"href":"https:\/\/playboyfragrances.com\/de\/wp-json\/wp\/v2\/media?parent=130"}],"curies":[{"name":"wp","href":"https:\/\/api.w.org\/{rel}","templated":true}]}}