{"id":183,"date":"2020-04-27T19:23:26","date_gmt":"2020-04-27T18:23:26","guid":{"rendered":"https:\/\/playboyfragrance.oneagency.co\/?post_type=product&#038;p=183"},"modified":"2020-08-03T15:49:31","modified_gmt":"2020-08-03T14:49:31","slug":"endless-night-for-her","status":"publish","type":"product","link":"https:\/\/playboyfragrances.com\/de\/product\/endless-night-for-her\/","title":{"rendered":"Endless Night"},"content":{"rendered":"<div class=\"block-product-description-container\">\n        <div class=\"block acf-block block-product-description\">\n            <div class=\"container\">\n                <div class=\"row product-and-description\">\n                    <div class=\"col-12 col-md-5\">\n                        <div class=\"product-description\">\n                            <div class=\"product-category\">\n                                <div class=\"hr-wrapper inline-hr-left\">\n                                <\/div>\n                            <\/div>\n                            <div class=\"product-title\">\n                                <div class=\"hr-wrapper inline-hr-right\">\n                                    <div class=\"hr\"><\/div>\n                                <\/div>\n                                <div class=\"slide-wrapper\">\n                                    <h1 class=\"h3 slide-up\">Endless Night<\/h1>\n                                <\/div>\n                            <\/div>\n                            <p>Keine Grenzen? Unendliche M\u00f6glichkeiten! Nach Einbruch der Nacht ist alles m\u00f6glich. Erwecke die Verf\u00fchrerin in dir und zeige deine einzigartige Pers\u00f6nlichkeit.  Egal wie lange die Nacht dauert, dein Selbstvertrauen und deine Weiblichkeit kennen keine Grenzen mit der Endless Night-Reihe f\u00fcr Sie.<\/p>\n                                                                                                                                        <\/div>\n                    <\/div>\n                    <div class=\"col-12 col-md-7\">\n                        <div class=\"product-image\">\n                            <img srcset=\"https:\/\/playboyfragrances.com\/de\/wp-content\/uploads\/sites\/3\/2020\/04\/EndlessNightForHer.jpg 1x, https:\/\/playboyfragrances.com\/de\/wp-content\/uploads\/sites\/3\/2020\/04\/EndlessNightForHer.jpg 2x\" class=\"img-fluid\" \/>\n                            <!--<img srcset=\"--><!--\/img\/products\/for-him.png 1x, --><!--\/img\/products\/for-him-2x.png 2x\" class=\"img-fluid\" \/>-->\n                        <\/div>\n                    <\/div>\n                <\/div>\n            <\/div>\n        <\/div>\n<\/div>\n\n<div class=\"block acf-block block-product-video\">\n    <div class=\"container-medium\">\n        <div class=\"row\">\n            <div class=\"col-12 px-0\">\n                <div class=\"overlay-wrapper\">\n                    <div class=\"overlay\"><\/div>\n                    <div class=\"video-wrapper\">\n                                                    <img decoding=\"async\" src=\"https:\/\/playboyfragrances.com\/de\/wp-content\/uploads\/sites\/3\/2020\/04\/EndlessNight-1.jpg\" alt=\"\" class=\"img-fluid\" \/>\n                                                                    <\/div>\n                <\/div>\n            <\/div>\n        <\/div>\n    <\/div>\n<\/div>\n\n<div class=\"block acf-block block-product-ingredients\">\n    <div class=\"container\">\n            <div class=\"product-ingredients-background\">\n            <div class=\"row\">\n                <div class=\"col-12 col-md-7\">\n                    <div class=\"product-ingredients-image\">\n                        <div class=\"ingredients-image\">\n                            <img decoding=\"async\" src=\"https:\/\/playboyfragrances.com\/de\/wp-content\/uploads\/sites\/3\/2020\/04\/EndlessNightForHer2.jpg\" class=\"img-fluid\" \/>\n                        <\/div>\n                    <\/div>\n                <\/div>\n                <div class=\"col-12 col-md-5 product-ingredients-wrapper\">\n                    <div class=\"product-ingredients\">\n                        <div class=\"product-ingredients-content\">\n                            <div class=\"hr-wrapper\">\n                                <div class=\"hr\"><\/div>\n                            <\/div>\n                            <div class=\"slide-wrapper\">\n                                <h3 class=\"slide-up\">Der Duft<\/h3>\n                            <\/div>\n                            <div class=\"fade-in\">\n                                                                <p>DER DUFT. Deep Floral. Eine unwiderstehliche, blumig-fruchtige Komposition. Endless Night ist der perfekte Duft f\u00fcr alle Girls, die sich von der Masse abheben m\u00f6chten. Mit sinnlichen Noten und hypnotisierenden Akkorden ist der Duft der perfekte Begleiter f\u00fcr eine unvorhersehbare Nacht voller Abenteuer, in der wirklich alles passieren kann. Kopfnote: rosa Pfeffer, Blutorangen\u00f6l. Herznote: Rosenakkord, Artemisia-Blume, Orangenbl\u00fcte. Basisnote: Patchouli, Sandelholz, Moschus<\/p>\n                                \n                                                                \n                                <!--Lorem ipsum dolor sit amet, consectetur adipiscing elit, sed do eiusmod tempor incididunt ut labore et dolore magna aliqua. Ut enim ad minim veniam, quis nostrud exercitation ullamco laboris.-->\n                                <!--<a href=\"\" class=\"btn btn-primary\">Shop now<\/a>-->\n                            <\/div>\n                        <\/div>\n                    <\/div>\n                <\/div>\n            <\/div>\n        <\/div>\n    <\/div>\n<\/div>\n\n<div class=\"block acf-block block-product-collage fade-in parallax-2\">\n    <div class=\"container\">\n        <div class=\"row\">\n            <div class=\"col-12 col-md-7\">\n                <div class=\"product-collage collage-image-left\">\n                    <img decoding=\"async\" src=\"https:\/\/playboyfragrances.com\/de\/wp-content\/uploads\/sites\/3\/2020\/04\/shutterstock_1575504196.jpg\" class=\"img-fluid\" \/>\n                <\/div>\n            <\/div>\n            <div class=\"col-12 col-md-5\">\n                <div class=\"product-collage collage-image-right parallax-1\">\n                    <img decoding=\"async\" src=\"https:\/\/playboyfragrances.com\/de\/wp-content\/uploads\/sites\/3\/2020\/04\/shutterstock_1204530178.jpg\" class=\"img-fluid\" \/>\n                <\/div>\n                <div class=\"product-collage collage-image-center parallax-2\">\n                    <img decoding=\"async\" src=\"https:\/\/playboyfragrances.com\/de\/wp-content\/uploads\/sites\/3\/2020\/04\/shutterstock_1354265861.jpg\" class=\"img-fluid\" \/>\n                <\/div>\n            <\/div>\n        <\/div>\n    <\/div>\n<\/div>","protected":false},"excerpt":{"rendered":"<p>Keine Grenzen? Unendliche M\u00f6glichkeiten! Nach Einbruch der Nacht ist alles m\u00f6glich. Erwecke die Verf\u00fchrerin in dir und zeige deine einzigartige Pers\u00f6nlichkeit. Egal wie lange die Nacht dauert, dein Selbstvertrauen und deine Weiblichkeit kennen keine Grenzen mit der Endless Night-Reihe f\u00fcr Sie.<\/p>\n","protected":false},"featured_media":165,"comment_status":"open","ping_status":"closed","template":"","meta":[],"class_list":["post-183","product","type-product","status-publish","has-post-thumbnail","hentry","product_cat-for-her"],"yoast_head":"<!-- This site is optimized with the Yoast SEO plugin v14.7 - https:\/\/yoast.com\/wordpress\/plugins\/seo\/ -->\n<title>Endless Night - Playboy Fragrance | DE<\/title>\n<meta name=\"robots\" content=\"index, follow\" \/>\n<meta name=\"googlebot\" content=\"index, follow, max-snippet:-1, max-image-preview:large, max-video-preview:-1\" \/>\n<meta name=\"bingbot\" content=\"index, follow, max-snippet:-1, max-image-preview:large, max-video-preview:-1\" \/>\n<link rel=\"canonical\" href=\"https:\/\/playboyfragrance.oneagency.co\/de\/product\/endless-night-for-her\/\" \/>\n<meta property=\"og:locale\" content=\"en_GB\" \/>\n<meta property=\"og:type\" content=\"article\" \/>\n<meta property=\"og:title\" content=\"Endless Night - Playboy Fragrance | DE\" \/>\n<meta property=\"og:description\" content=\"Keine Grenzen? Unendliche M\u00f6glichkeiten! Nach Einbruch der Nacht ist alles m\u00f6glich. Erwecke die Verf\u00fchrerin in dir und zeige deine einzigartige Pers\u00f6nlichkeit. Egal wie lange die Nacht dauert, dein Selbstvertrauen und deine Weiblichkeit kennen keine Grenzen mit der Endless Night-Reihe f\u00fcr Sie.\" \/>\n<meta property=\"og:url\" content=\"https:\/\/playboyfragrance.oneagency.co\/de\/product\/endless-night-for-her\/\" \/>\n<meta property=\"og:site_name\" content=\"Playboy Fragrance | DE\" \/>\n<meta property=\"article:modified_time\" content=\"2020-08-03T14:49:31+00:00\" \/>\n<meta property=\"og:image\" content=\"https:\/\/playboyfragrances.com\/de\/wp-content\/uploads\/sites\/3\/2020\/04\/EndlessNightForHer.jpg\" \/>\n\t<meta property=\"og:image:width\" content=\"802\" \/>\n\t<meta property=\"og:image:height\" content=\"1080\" \/>\n<meta name=\"twitter:card\" content=\"summary_large_image\" \/>\n<script type=\"application\/ld+json\" class=\"yoast-schema-graph\">{\"@context\":\"https:\/\/schema.org\",\"@graph\":[{\"@type\":\"WebSite\",\"@id\":\"https:\/\/playboyfragrances.com\/de\/#website\",\"url\":\"https:\/\/playboyfragrances.com\/de\/\",\"name\":\"Playboy Fragrance | DE\",\"description\":\"\",\"potentialAction\":[{\"@type\":\"SearchAction\",\"target\":\"https:\/\/playboyfragrances.com\/de\/?s={search_term_string}\",\"query-input\":\"required name=search_term_string\"}],\"inLanguage\":\"en-GB\"},{\"@type\":\"ImageObject\",\"@id\":\"https:\/\/playboyfragrance.oneagency.co\/de\/product\/endless-night-for-her\/#primaryimage\",\"inLanguage\":\"en-GB\",\"url\":\"https:\/\/playboyfragrances.com\/de\/wp-content\/uploads\/sites\/3\/2020\/04\/EndlessNightForHer.jpg\",\"width\":802,\"height\":1080},{\"@type\":\"WebPage\",\"@id\":\"https:\/\/playboyfragrance.oneagency.co\/de\/product\/endless-night-for-her\/#webpage\",\"url\":\"https:\/\/playboyfragrance.oneagency.co\/de\/product\/endless-night-for-her\/\",\"name\":\"Endless Night - Playboy Fragrance | DE\",\"isPartOf\":{\"@id\":\"https:\/\/playboyfragrances.com\/de\/#website\"},\"primaryImageOfPage\":{\"@id\":\"https:\/\/playboyfragrance.oneagency.co\/de\/product\/endless-night-for-her\/#primaryimage\"},\"datePublished\":\"2020-04-27T18:23:26+00:00\",\"dateModified\":\"2020-08-03T14:49:31+00:00\",\"inLanguage\":\"en-GB\",\"potentialAction\":[{\"@type\":\"ReadAction\",\"target\":[\"https:\/\/playboyfragrance.oneagency.co\/de\/product\/endless-night-for-her\/\"]}]}]}<\/script>\n<!-- \/ Yoast SEO plugin. -->","_links":{"self":[{"href":"https:\/\/playboyfragrances.com\/de\/wp-json\/wp\/v2\/product\/183","targetHints":{"allow":["GET"]}}],"collection":[{"href":"https:\/\/playboyfragrances.com\/de\/wp-json\/wp\/v2\/product"}],"about":[{"href":"https:\/\/playboyfragrances.com\/de\/wp-json\/wp\/v2\/types\/product"}],"replies":[{"embeddable":true,"href":"https:\/\/playboyfragrances.com\/de\/wp-json\/wp\/v2\/comments?post=183"}],"wp:featuredmedia":[{"embeddable":true,"href":"https:\/\/playboyfragrances.com\/de\/wp-json\/wp\/v2\/media\/165"}],"wp:attachment":[{"href":"https:\/\/playboyfragrances.com\/de\/wp-json\/wp\/v2\/media?parent=183"}],"curies":[{"name":"wp","href":"https:\/\/api.w.org\/{rel}","templated":true}]}}