{"id":499,"date":"2021-07-02T10:36:21","date_gmt":"2021-07-02T09:36:21","guid":{"rendered":"https:\/\/playboyfragrance.oneagency.co\/de\/?post_type=product&#038;p=499"},"modified":"2022-08-18T13:47:42","modified_gmt":"2022-08-18T12:47:42","slug":"you-2-0-for-her","status":"publish","type":"product","link":"https:\/\/playboyfragrances.com\/de\/product\/you-2-0-for-her\/","title":{"rendered":"YOU 2.0"},"content":{"rendered":"<div class=\"block-product-description-container\">\n        <div class=\"block acf-block block-product-description\">\n            <div class=\"container\">\n                <div class=\"row product-and-description\">\n                    <div class=\"col-12 col-md-5\">\n                        <div class=\"product-description\">\n                            <div class=\"product-category\">\n                                <div class=\"hr-wrapper inline-hr-left\">\n                                <\/div>\n                            <\/div>\n                            <div class=\"product-title\">\n                                <div class=\"hr-wrapper inline-hr-right\">\n                                    <div class=\"hr\"><\/div>\n                                <\/div>\n                                <div class=\"slide-wrapper\">\n                                    <h1 class=\"h3 slide-up\">YOU 2.0<\/h1>\n                                <\/div>\n                            <\/div>\n                            <p>Verwandle dich und bringe die virtuelle Welt ins Hier und Jetzt. \r\nDefiniere deine St\u00e4rken und erfinde dich selbst neu, wie ein Gaming-Avatar. Mit dem neuen kraftvollen Eau de Toilette kannst du dein wagemutiges, digitales Ich auch in der realen Welt zum Leben erwecken und zur <\/p>\n                                                                                                                                        <\/div>\n                    <\/div>\n                    <div class=\"col-12 col-md-7\">\n                        <div class=\"product-image\">\n                            <img srcset=\"https:\/\/playboyfragrances.com\/de\/wp-content\/uploads\/sites\/3\/2021\/07\/pb_you_2.0_her_edt_40ml_bottle_lr-2-e1626273214995.png 1x, https:\/\/playboyfragrances.com\/de\/wp-content\/uploads\/sites\/3\/2021\/07\/pb_you_2.0_her_edt_40ml_bottle_lr-2-e1626273214995.png 2x\" class=\"img-fluid\" \/>\n                            <!--<img srcset=\"--><!--\/img\/products\/for-him.png 1x, --><!--\/img\/products\/for-him-2x.png 2x\" class=\"img-fluid\" \/>-->\n                        <\/div>\n                    <\/div>\n                <\/div>\n            <\/div>\n        <\/div>\n<\/div>\n\n<div class=\"block acf-block block-product-video\">\n    <div class=\"container-medium\">\n        <div class=\"row\">\n            <div class=\"col-12 px-0\">\n                <div class=\"overlay-wrapper\">\n                    <div class=\"overlay\"><\/div>\n                    <div class=\"video-wrapper\">\n                                                    <img decoding=\"async\" src=\"https:\/\/playboyfragrances.com\/de\/wp-content\/uploads\/sites\/3\/2021\/07\/PB-YOU-2.0-OLFACTIVE-FOR-HER.jpg\" alt=\"\" class=\"img-fluid\" \/>\n                                                                    <\/div>\n                <\/div>\n            <\/div>\n        <\/div>\n    <\/div>\n<\/div>\n\n<div class=\"block acf-block block-product-ingredients\">\n    <div class=\"container\">\n            <div class=\"product-ingredients-background\">\n            <div class=\"row\">\n                <div class=\"col-12 col-md-7\">\n                    <div class=\"product-ingredients-image\">\n                        <div class=\"ingredients-image\">\n                            <img decoding=\"async\" src=\"https:\/\/playboyfragrances.com\/de\/wp-content\/uploads\/sites\/3\/2021\/07\/carton_combined_her.png\" class=\"img-fluid\" \/>\n                        <\/div>\n                    <\/div>\n                <\/div>\n                <div class=\"col-12 col-md-5 product-ingredients-wrapper\">\n                    <div class=\"product-ingredients\">\n                        <div class=\"product-ingredients-content\">\n                            <div class=\"hr-wrapper\">\n                                <div class=\"hr\"><\/div>\n                            <\/div>\n                            <div class=\"slide-wrapper\">\n                                <h3 class=\"slide-up\">Der Duft<\/h3>\n                            <\/div>\n                            <div class=\"fade-in\">\n                                                                <p>Erlebe mit dem blumig-fruchtigen Duft You 2.0 For Her eine alternative Realit\u00e4t mit leuchtenden Farben und fantastischen Welten. Im Auftakt \u00f6ffnet ein k\u00f6stlicher Mix aus saftiger Birne, Bergamotte und schwarzer Johannisbeere die Tore zu einer neuen Welt. Anschlie\u00dfend trifft taufrisches Veilchen auf ein Bouquet aus frischen Orangenbl\u00fcten und aromatischem Patchouli und sorgt so f\u00fcr ein berauschendes, au\u00dferweltliches Erlebnis. Der Duft schlie\u00dft mit einer gourmandigen Note aus cremiger Tonkabohne, die sich mit einer sinnlichen, holzigen Basis aus Sandelholz und Moschus vereint. \r\n<\/p>\n                                \n                                                                \n                                <!--Lorem ipsum dolor sit amet, consectetur adipiscing elit, sed do eiusmod tempor incididunt ut labore et dolore magna aliqua. Ut enim ad minim veniam, quis nostrud exercitation ullamco laboris.-->\n                                <!--<a href=\"\" class=\"btn btn-primary\">Shop now<\/a>-->\n                            <\/div>\n                        <\/div>\n                    <\/div>\n                <\/div>\n            <\/div>\n        <\/div>\n    <\/div>\n<\/div>\n\n<div class=\"block acf-block block-product-collage fade-in parallax-2\">\n    <div class=\"container\">\n        <div class=\"row\">\n            <div class=\"col-12 col-md-7\">\n                <div class=\"product-collage collage-image-left\">\n                    <img decoding=\"async\" src=\"https:\/\/playboyfragrances.com\/de\/wp-content\/uploads\/sites\/3\/2021\/07\/pb_you_2.0_ls_her_bottle_a_hr.jpg\" class=\"img-fluid\" \/>\n                <\/div>\n            <\/div>\n            <div class=\"col-12 col-md-5\">\n                <div class=\"product-collage collage-image-right parallax-1\">\n                    <img decoding=\"async\" src=\"https:\/\/playboyfragrances.com\/de\/wp-content\/uploads\/sites\/3\/2021\/07\/pb_you_2.0_her_kv_campaign_4_3_web_srgb.jpg\" class=\"img-fluid\" \/>\n                <\/div>\n                <div class=\"product-collage collage-image-center parallax-2\">\n                    <img decoding=\"async\" src=\"https:\/\/playboyfragrances.com\/de\/wp-content\/uploads\/sites\/3\/2021\/07\/pb-you20-mountains-edts-full-crop-1.jpg\" class=\"img-fluid\" \/>\n                <\/div>\n            <\/div>\n        <\/div>\n    <\/div>\n<\/div>\n\n<div class=\"block block-core block-core\/paragraph\">\n<p><\/p>\n<\/div>\n\n<div class=\"block block-core block-core\/spacer\">\n<div style=\"height:100px\" aria-hidden=\"true\" class=\"wp-block-spacer\"><\/div>\n<\/div>","protected":false},"excerpt":{"rendered":"<p>Verwandle dich und bringe die virtuelle Welt ins Hier und Jetzt.<span class=\"Apple-converted-space\">\u00a0<\/span><\/p>\n<p>Definiere deine St\u00e4rken und erfinde dich selbst neu, wie ein Gaming-Avatar. Mit dem neuen kraftvollen Eau de Toilette kannst du dein wagemutiges, digitales Ich auch in der realen Welt zum Leben erwecken und zur<span class=\"Apple-converted-space\">\u00a0<\/span><\/p>\n","protected":false},"featured_media":502,"comment_status":"open","ping_status":"closed","template":"","meta":[],"class_list":["post-499","product","type-product","status-publish","has-post-thumbnail","hentry","product_cat-for-her"],"yoast_head":"<!-- This site is optimized with the Yoast SEO plugin v14.7 - https:\/\/yoast.com\/wordpress\/plugins\/seo\/ -->\n<title>YOU 2.0 - Playboy Fragrance | DE<\/title>\n<meta name=\"robots\" content=\"index, follow\" \/>\n<meta name=\"googlebot\" content=\"index, follow, max-snippet:-1, max-image-preview:large, max-video-preview:-1\" \/>\n<meta name=\"bingbot\" content=\"index, follow, max-snippet:-1, max-image-preview:large, max-video-preview:-1\" \/>\n<link rel=\"canonical\" href=\"https:\/\/playboyfragrance.oneagency.co\/de\/product\/you-2-0-for-her\/\" \/>\n<meta property=\"og:locale\" content=\"en_GB\" \/>\n<meta property=\"og:type\" content=\"article\" \/>\n<meta property=\"og:title\" content=\"YOU 2.0 - Playboy Fragrance | DE\" \/>\n<meta property=\"og:description\" content=\"Verwandle dich und bringe die virtuelle Welt ins Hier und Jetzt.\u00a0 Definiere deine St\u00e4rken und erfinde dich selbst neu, wie ein Gaming-Avatar. Mit dem neuen kraftvollen Eau de Toilette kannst du dein wagemutiges, digitales Ich auch in der realen Welt zum Leben erwecken und zur\u00a0\" \/>\n<meta property=\"og:url\" content=\"https:\/\/playboyfragrance.oneagency.co\/de\/product\/you-2-0-for-her\/\" \/>\n<meta property=\"og:site_name\" content=\"Playboy Fragrance | DE\" \/>\n<meta property=\"article:modified_time\" content=\"2022-08-18T12:47:42+00:00\" \/>\n<meta property=\"og:image\" content=\"https:\/\/playboyfragrances.com\/de\/wp-content\/uploads\/sites\/3\/2021\/07\/pb_you_2.0_her_edt_40ml_bottle_lr-2-e1626273214995.png\" \/>\n\t<meta property=\"og:image:width\" content=\"251\" \/>\n\t<meta property=\"og:image:height\" content=\"420\" \/>\n<meta name=\"twitter:card\" content=\"summary_large_image\" \/>\n<script type=\"application\/ld+json\" class=\"yoast-schema-graph\">{\"@context\":\"https:\/\/schema.org\",\"@graph\":[{\"@type\":\"WebSite\",\"@id\":\"https:\/\/playboyfragrances.com\/de\/#website\",\"url\":\"https:\/\/playboyfragrances.com\/de\/\",\"name\":\"Playboy Fragrance | DE\",\"description\":\"\",\"potentialAction\":[{\"@type\":\"SearchAction\",\"target\":\"https:\/\/playboyfragrances.com\/de\/?s={search_term_string}\",\"query-input\":\"required name=search_term_string\"}],\"inLanguage\":\"en-GB\"},{\"@type\":\"ImageObject\",\"@id\":\"https:\/\/playboyfragrance.oneagency.co\/de\/product\/you-2-0-for-her\/#primaryimage\",\"inLanguage\":\"en-GB\",\"url\":\"https:\/\/playboyfragrances.com\/de\/wp-content\/uploads\/sites\/3\/2021\/07\/pb_you_2.0_her_edt_40ml_bottle_lr-2-e1626273214995.png\",\"width\":251,\"height\":420},{\"@type\":\"WebPage\",\"@id\":\"https:\/\/playboyfragrance.oneagency.co\/de\/product\/you-2-0-for-her\/#webpage\",\"url\":\"https:\/\/playboyfragrance.oneagency.co\/de\/product\/you-2-0-for-her\/\",\"name\":\"YOU 2.0 - Playboy Fragrance | DE\",\"isPartOf\":{\"@id\":\"https:\/\/playboyfragrances.com\/de\/#website\"},\"primaryImageOfPage\":{\"@id\":\"https:\/\/playboyfragrance.oneagency.co\/de\/product\/you-2-0-for-her\/#primaryimage\"},\"datePublished\":\"2021-07-02T09:36:21+00:00\",\"dateModified\":\"2022-08-18T12:47:42+00:00\",\"inLanguage\":\"en-GB\",\"potentialAction\":[{\"@type\":\"ReadAction\",\"target\":[\"https:\/\/playboyfragrance.oneagency.co\/de\/product\/you-2-0-for-her\/\"]}]}]}<\/script>\n<!-- \/ Yoast SEO plugin. -->","_links":{"self":[{"href":"https:\/\/playboyfragrances.com\/de\/wp-json\/wp\/v2\/product\/499","targetHints":{"allow":["GET"]}}],"collection":[{"href":"https:\/\/playboyfragrances.com\/de\/wp-json\/wp\/v2\/product"}],"about":[{"href":"https:\/\/playboyfragrances.com\/de\/wp-json\/wp\/v2\/types\/product"}],"replies":[{"embeddable":true,"href":"https:\/\/playboyfragrances.com\/de\/wp-json\/wp\/v2\/comments?post=499"}],"wp:featuredmedia":[{"embeddable":true,"href":"https:\/\/playboyfragrances.com\/de\/wp-json\/wp\/v2\/media\/502"}],"wp:attachment":[{"href":"https:\/\/playboyfragrances.com\/de\/wp-json\/wp\/v2\/media?parent=499"}],"curies":[{"name":"wp","href":"https:\/\/api.w.org\/{rel}","templated":true}]}}