{"id":521,"date":"2021-07-13T14:12:36","date_gmt":"2021-07-13T13:12:36","guid":{"rendered":"https:\/\/playboyfragrance.oneagency.co\/de\/?post_type=product&#038;p=521"},"modified":"2024-03-22T21:49:23","modified_gmt":"2024-03-22T21:49:23","slug":"daydreaming","status":"publish","type":"product","link":"https:\/\/playboyfragrances.com\/de\/product\/daydreaming\/","title":{"rendered":"Daydreaming"},"content":{"rendered":"<div class=\"block-product-description-container\">\n        <div class=\"block acf-block block-product-description\">\n            <div class=\"container\">\n                <div class=\"row product-and-description\">\n                    <div class=\"col-12 col-md-5\">\n                        <div class=\"product-description\">\n                            <div class=\"product-category\">\n                                <div class=\"hr-wrapper inline-hr-left\">\n                                <\/div>\n                            <\/div>\n                            <div class=\"product-title\">\n                                <div class=\"hr-wrapper inline-hr-right\">\n                                    <div class=\"hr\"><\/div>\n                                <\/div>\n                                <div class=\"slide-wrapper\">\n                                    <h1 class=\"h3 slide-up\">Daydreaming<\/h1>\n                                <\/div>\n                            <\/div>\n                            <p>Das unwiderstehliche veganen Body Mist von Playboy steht f\u00fcr positive Vibes. Ein ausdrucksstarkes Bouquet aus wilden Rosen, roter Litschi und wei\u00dfem Moschus, f\u00e4ngt die Charakterz\u00fcge eines echten Boss-Babes perfekt ein. Daydreaming ist der richtige Duft f\u00fcr alle selbstbewussten, unbeschwerten Girls mit gro\u00dfem Herz und positiver Ausstrahlung. Das perfekte Geschenk f\u00fcr deine Squad!<\/p>\n                                                                                                                    <a href=\"https:\/\/www.rossmann.de\/de\/marken\/playboy\/c\/online-dachmarke_4455598\" target=\"_blank\" class=\"btn btn-primary\">JETZT EINKAUFEN<\/a>\n                                                                                <\/div>\n                    <\/div>\n                    <div class=\"col-12 col-md-7\">\n                        <div class=\"product-image\">\n                            <img srcset=\"https:\/\/playboyfragrances.com\/de\/wp-content\/uploads\/sites\/3\/2021\/07\/export-bm-daydreaming-front-retouched-low-res.png 1x, https:\/\/playboyfragrances.com\/de\/wp-content\/uploads\/sites\/3\/2021\/07\/export-bm-daydreaming-front-retouched-low-res.png 2x\" class=\"img-fluid\" \/>\n                            <!--<img srcset=\"--><!--\/img\/products\/for-him.png 1x, --><!--\/img\/products\/for-him-2x.png 2x\" class=\"img-fluid\" \/>-->\n                        <\/div>\n                    <\/div>\n                <\/div>\n            <\/div>\n        <\/div>\n<\/div>\n\n<div class=\"block acf-block block-product-video\">\n    <div class=\"container-medium\">\n        <div class=\"row\">\n            <div class=\"col-12 px-0\">\n                <div class=\"overlay-wrapper\">\n                    <div class=\"overlay\"><\/div>\n                    <div class=\"video-wrapper\">\n                                                    <img decoding=\"async\" src=\"https:\/\/playboyfragrances.com\/de\/wp-content\/uploads\/sites\/3\/2021\/07\/Daydreaming.jpg\" alt=\"\" class=\"img-fluid\" \/>\n                                                                    <\/div>\n                <\/div>\n            <\/div>\n        <\/div>\n    <\/div>\n<\/div>\n\n<div class=\"block acf-block block-product-ingredients\">\n    <div class=\"container\">\n            <div class=\"product-ingredients-background\">\n            <div class=\"row\">\n                <div class=\"col-12 col-md-7\">\n                    <div class=\"product-ingredients-image\">\n                        <div class=\"ingredients-image\">\n                            <img decoding=\"async\" src=\"https:\/\/playboyfragrances.com\/de\/wp-content\/uploads\/sites\/3\/2024\/03\/Day-dreaming.jpg\" class=\"img-fluid\" \/>\n                        <\/div>\n                    <\/div>\n                <\/div>\n                <div class=\"col-12 col-md-5 product-ingredients-wrapper\">\n                    <div class=\"product-ingredients\">\n                        <div class=\"product-ingredients-content\">\n                            <div class=\"hr-wrapper\">\n                                <div class=\"hr\"><\/div>\n                            <\/div>\n                            <div class=\"slide-wrapper\">\n                                <h3 class=\"slide-up\">Der Duft<\/h3>\n                            <\/div>\n                            <div class=\"fade-in\">\n                                                                <p>Rote Lychee. Bl\u00fchende Wildrose. Wei\u00dfer Moschus. <\/p>\n                                \n                                                                \n                                <!--Lorem ipsum dolor sit amet, consectetur adipiscing elit, sed do eiusmod tempor incididunt ut labore et dolore magna aliqua. Ut enim ad minim veniam, quis nostrud exercitation ullamco laboris.-->\n                                <!--<a href=\"\" class=\"btn btn-primary\">Shop now<\/a>-->\n                            <\/div>\n                        <\/div>\n                    <\/div>\n                <\/div>\n            <\/div>\n        <\/div>\n    <\/div>\n<\/div>\n\n<div class=\"block block-core block-core\/paragraph\">\n<p><\/p>\n<\/div>\n\n<div class=\"block block-core block-core\/spacer\">\n<div style=\"height:100px\" aria-hidden=\"true\" class=\"wp-block-spacer\"><\/div>\n<\/div>","protected":false},"excerpt":{"rendered":"<p>Das unwiderstehliche veganen Body Mist von Playboy steht f\u00fcr positive Vibes. Ein ausdrucksstarkes Bouquet aus wilden Rosen, roter Litschi und wei\u00dfem Moschus, f\u00e4ngt die Charakterz\u00fcge eines echten Boss-Babes perfekt ein. Daydreaming ist der richtige Duft f\u00fcr alle selbstbewussten, unbeschwerten Girls mit gro\u00dfem Herz und positiver Ausstrahlung. Das perfekte Geschenk f\u00fcr deine Squad!\u00a0<\/p>\n","protected":false},"featured_media":522,"comment_status":"open","ping_status":"closed","template":"","meta":[],"class_list":["post-521","product","type-product","status-publish","has-post-thumbnail","hentry","product_cat-bodymists","product_cat-for-her"],"yoast_head":"<!-- This site is optimized with the Yoast SEO plugin v14.7 - https:\/\/yoast.com\/wordpress\/plugins\/seo\/ -->\n<title>Daydreaming - Playboy Fragrance | DE<\/title>\n<meta name=\"robots\" content=\"index, follow\" \/>\n<meta name=\"googlebot\" content=\"index, follow, max-snippet:-1, max-image-preview:large, max-video-preview:-1\" \/>\n<meta name=\"bingbot\" content=\"index, follow, max-snippet:-1, max-image-preview:large, max-video-preview:-1\" \/>\n<link rel=\"canonical\" href=\"https:\/\/playboyfragrances.com\/de\/product\/daydreaming\/\" \/>\n<meta property=\"og:locale\" content=\"en_GB\" \/>\n<meta property=\"og:type\" content=\"article\" \/>\n<meta property=\"og:title\" content=\"Daydreaming - Playboy Fragrance | DE\" \/>\n<meta property=\"og:description\" content=\"Das unwiderstehliche veganen Body Mist von Playboy steht f\u00fcr positive Vibes. Ein ausdrucksstarkes Bouquet aus wilden Rosen, roter Litschi und wei\u00dfem Moschus, f\u00e4ngt die Charakterz\u00fcge eines echten Boss-Babes perfekt ein. Daydreaming ist der richtige Duft f\u00fcr alle selbstbewussten, unbeschwerten Girls mit gro\u00dfem Herz und positiver Ausstrahlung. Das perfekte Geschenk f\u00fcr deine Squad!\u00a0\" \/>\n<meta property=\"og:url\" content=\"https:\/\/playboyfragrances.com\/de\/product\/daydreaming\/\" \/>\n<meta property=\"og:site_name\" content=\"Playboy Fragrance | DE\" \/>\n<meta property=\"article:modified_time\" content=\"2024-03-22T21:49:23+00:00\" \/>\n<meta property=\"og:image\" content=\"https:\/\/playboyfragrances.com\/de\/wp-content\/uploads\/sites\/3\/2021\/07\/export-bm-daydreaming-front-retouched-low-res.png\" \/>\n\t<meta property=\"og:image:width\" content=\"800\" \/>\n\t<meta property=\"og:image:height\" content=\"1200\" \/>\n<meta name=\"twitter:card\" content=\"summary_large_image\" \/>\n<script type=\"application\/ld+json\" class=\"yoast-schema-graph\">{\"@context\":\"https:\/\/schema.org\",\"@graph\":[{\"@type\":\"WebSite\",\"@id\":\"https:\/\/playboyfragrances.com\/de\/#website\",\"url\":\"https:\/\/playboyfragrances.com\/de\/\",\"name\":\"Playboy Fragrance | DE\",\"description\":\"\",\"potentialAction\":[{\"@type\":\"SearchAction\",\"target\":\"https:\/\/playboyfragrances.com\/de\/?s={search_term_string}\",\"query-input\":\"required name=search_term_string\"}],\"inLanguage\":\"en-GB\"},{\"@type\":\"ImageObject\",\"@id\":\"https:\/\/playboyfragrances.com\/de\/product\/daydreaming\/#primaryimage\",\"inLanguage\":\"en-GB\",\"url\":\"https:\/\/playboyfragrances.com\/de\/wp-content\/uploads\/sites\/3\/2021\/07\/export-bm-daydreaming-front-retouched-low-res.png\",\"width\":800,\"height\":1200},{\"@type\":\"WebPage\",\"@id\":\"https:\/\/playboyfragrances.com\/de\/product\/daydreaming\/#webpage\",\"url\":\"https:\/\/playboyfragrances.com\/de\/product\/daydreaming\/\",\"name\":\"Daydreaming - Playboy Fragrance | DE\",\"isPartOf\":{\"@id\":\"https:\/\/playboyfragrances.com\/de\/#website\"},\"primaryImageOfPage\":{\"@id\":\"https:\/\/playboyfragrances.com\/de\/product\/daydreaming\/#primaryimage\"},\"datePublished\":\"2021-07-13T13:12:36+00:00\",\"dateModified\":\"2024-03-22T21:49:23+00:00\",\"inLanguage\":\"en-GB\",\"potentialAction\":[{\"@type\":\"ReadAction\",\"target\":[\"https:\/\/playboyfragrances.com\/de\/product\/daydreaming\/\"]}]}]}<\/script>\n<!-- \/ Yoast SEO plugin. -->","_links":{"self":[{"href":"https:\/\/playboyfragrances.com\/de\/wp-json\/wp\/v2\/product\/521","targetHints":{"allow":["GET"]}}],"collection":[{"href":"https:\/\/playboyfragrances.com\/de\/wp-json\/wp\/v2\/product"}],"about":[{"href":"https:\/\/playboyfragrances.com\/de\/wp-json\/wp\/v2\/types\/product"}],"replies":[{"embeddable":true,"href":"https:\/\/playboyfragrances.com\/de\/wp-json\/wp\/v2\/comments?post=521"}],"wp:featuredmedia":[{"embeddable":true,"href":"https:\/\/playboyfragrances.com\/de\/wp-json\/wp\/v2\/media\/522"}],"wp:attachment":[{"href":"https:\/\/playboyfragrances.com\/de\/wp-json\/wp\/v2\/media?parent=521"}],"curies":[{"name":"wp","href":"https:\/\/api.w.org\/{rel}","templated":true}]}}