{"id":54,"date":"2020-03-11T16:41:25","date_gmt":"2020-03-11T16:41:25","guid":{"rendered":"http:\/\/playboyfragrances.local\/?post_type=product&#038;p=53"},"modified":"2022-08-18T14:14:15","modified_gmt":"2022-08-18T13:14:15","slug":"make-the-cover-for-him","status":"publish","type":"product","link":"https:\/\/playboyfragrances.com\/de\/product\/make-the-cover-for-him\/","title":{"rendered":"Make The Cover"},"content":{"rendered":"    <div class=\"block acf-block block-product-mtc-description for-him\">\n        <div class=\"container\">\n            <div class=\"row flex-column-reverse flex-md-row\">\n                <div class=\"col-12 col-md-5\">\n                    <div class=\"product-description\">\n                        <div class=\"product-category\">\n                            <div class=\"hr-wrapper inline-hr-left\">\n                                <div class=\"hr\"><\/div>\n                            <\/div>\n                            <div class=\"slide-wrapper\">\n                                <h2 class=\"h3\">F\u00dcR IHN<\/h2>\n                            <\/div>\n                        <\/div>\n                        <div class=\"product-title\">\n                            <div class=\"hr-wrapper inline-hr-right\">\n                                <div class=\"hr\"><\/div>\n                            <\/div>\n                            <div class=\"slide-wrapper\">\n                                <h1 class=\"h3 slide-up\">Make The Cover<\/h1>\n                            <\/div>\n                        <\/div>\n                                                <p>Der charismatische Duft Make The Cover For Him wurde vom preisgekr\u00f6nten, franz\u00f6sischen Parf\u00fcmeur Fabrice Pellegrin aus dem Hause Firmenich kreiert. Ein Parfum f\u00fcr all diejenigen, die zu sich selbst stehen und das Wagnis lieben. Der Duft ist eine facettenreiche Mischung aus sich kontrastierenden Noten \u2013 f\u00fcr ein \u00fcberzeugendes und modernes Dufterlebnis. Eine saftig-w\u00fcrzige Mischung aus gr\u00fcnem Apfel, zitrischer Bergamotte und aromatischem Kardamom belebt die Sinne. Diese entwickelt sich zu einer reinen und raffinierten Herznote, bestehend aus Lavandinwasser und Veilchenbl\u00e4ttern. Durch einen aquatischen, fruchtigen Akkord entsteht ein belebendes Gef\u00fchl. Sobald sich der Duft setzt, entfalten sich holzige Noten von Tonkabohne, Bernstein und Patchouli, die der eleganten Komposition Tiefe verleihen.<\/p>\n                    <\/div>\n                <\/div>\n                <div class=\"col-md-7 px-0\">\n                    <div class=\"product-image parallax-disabled-sm\">\n                        <img srcset=\"https:\/\/playboyfragrances.com\/wp-content\/uploads\/sites\/3\/2020\/03\/For-Him-2.png 1x, https:\/\/playboyfragrances.com\/wp-content\/uploads\/sites\/3\/2020\/03\/For-Him-2.png 2x\" class=\"img-fluid\" \/>\n                    <\/div>\n                <\/div>\n            <\/div>\n        <\/div>\n    <\/div>\n\n\n<div class=\"block acf-block block-product-video\">\n    <div class=\"container-medium\">\n        <div class=\"row\">\n            <div class=\"col-12 px-0\">\n                <div class=\"overlay-wrapper\">\n                    <div class=\"overlay\"><\/div>\n                    <div class=\"video-wrapper\">\n                                                    <img decoding=\"async\" src=\"https:\/\/playboyfragrances.com\/de\/wp-content\/uploads\/sites\/3\/2020\/03\/playboy-mtc-bottle-and-cap_v1-2.jpg\" alt=\"\" class=\"img-fluid\" \/>\n                                                                    <\/div>\n                <\/div>\n            <\/div>\n        <\/div>\n    <\/div>\n<\/div>\n\n    <div class=\"block acf-block block-product-mtc-ingredients fade-up for-him\">\n        <div class=\"container\">\n            <div class=\"product-ingredients-background\">\n                <div class=\"row\">\n                    <div class=\"col-12 col-md-7\">\n                        <div class=\"product-ingredients-image\">\n                            <div class=\"ingredients-image product-ingredients-background parallax-2\"><\/div>\n                            <div class=\"ingredients-image layer-1\">\n                                <img decoding=\"async\" src=\"https:\/\/playboyfragrances.com\/de\/wp-content\/uploads\/sites\/3\/2020\/03\/him-1.png\" class=\"img-fluid\" \/>\n                            <\/div>\n                            <div class=\"ingredients-image layer-2\">\n                                <img decoding=\"async\" src=\"https:\/\/playboyfragrances.com\/de\/wp-content\/uploads\/sites\/3\/2020\/03\/him-2.png\" class=\"img-fluid\" \/>\n                            <\/div>\n                            <div class=\"ingredients-image layer-3\">\n                                <img decoding=\"async\" src=\"https:\/\/playboyfragrances.com\/de\/wp-content\/uploads\/sites\/3\/2020\/03\/him-3.png\" class=\"img-fluid parallax-2\" \/>\n                            <\/div>\n                            <div class=\"ingredients-image layer-4\">\n                                <img decoding=\"async\" src=\"https:\/\/playboyfragrances.com\/wp-content\/uploads\/sites\/3\/2020\/03\/make-the-cover-for-him-2.png\" class=\"img-fluid parallax-1\" \/>\n                            <\/div>\n                        <\/div>\n                    <\/div>\n                    <div class=\"col-12 col-md-5\">\n                        <div class=\"product-ingredients-content\">\n                            \n                                \n                                    <ul>\n\n                                    \n                                        \n                                            <li>Top-Noten<\/li>\n\n                                        \n                                            <li>Gr\u00fcner Apfel<\/li>\n\n                                        \n                                            <li>Kardamom gr\u00fcn<\/li>\n\n                                        \n                                            <li>Gr\u00fcne Bergamotte<\/li>\n\n                                        \n                                    \n                                    <\/ul>\n\n                                \n                                    <ul>\n\n                                    \n                                        \n                                            <li>Herznoten<\/li>\n\n                                        \n                                            <li>Lavandin-Wasser<\/li>\n\n                                        \n                                            <li>Frucht-Akkord<\/li>\n\n                                        \n                                            <li>Violette Bl\u00e4tter<\/li>\n\n                                        \n                                    \n                                    <\/ul>\n\n                                \n                                    <ul>\n\n                                    \n                                        \n                                            <li>Abtrocknen<\/li>\n\n                                        \n                                            <li>Tonkabohne<\/li>\n\n                                        \n                                            <li>Bernsteinholz<\/li>\n\n                                        \n                                            <li>Patschuli<\/li>\n\n                                        \n                                    \n                                    <\/ul>\n\n                                \n                                                    <\/div>\n                    <\/div>\n                <\/div>\n            <\/div>\n        <\/div>\n    <\/div>\n\n\n<div class=\"block block-core block-core\/paragraph\">\n<p><\/p>\n<\/div>","protected":false},"excerpt":{"rendered":"<p>Der charismatische Duft Make The Cover For Him wurde vom preisgekr\u00f6nten, franz\u00f6sischen Parf\u00fcmeur Fabrice Pellegrin aus dem Hause Firmenich kreiert. Ein Parfum f\u00fcr all diejenigen, die zu sich selbst stehen und das Wagnis lieben. Der Duft ist eine facettenreiche Mischung aus sich kontrastierenden Noten \u2013 f\u00fcr ein \u00fcberzeugendes und modernes Dufterlebnis. Eine saftig-w\u00fcrzige Mischung aus gr\u00fcnem Apfel, zitrischer Bergamotte und aromatischem Kardamom belebt die Sinne. Diese entwickelt sich zu einer reinen und raffinierten Herznote, bestehend aus Lavandinwasser und Veilchenbl\u00e4ttern. Durch einen aquatischen, fruchtigen Akkord entsteht ein belebendes Gef\u00fchl. Sobald sich der Duft setzt, entfalten sich holzige Noten von Tonkabohne, Bernstein und Patchouli, die der eleganten Komposition Tiefe verleihen.<\/p>\n","protected":false},"featured_media":601,"comment_status":"open","ping_status":"closed","template":"","meta":[],"class_list":["post-54","product","type-product","status-publish","has-post-thumbnail","hentry","product_cat-for-him"],"yoast_head":"<!-- This site is optimized with the Yoast SEO plugin v14.7 - https:\/\/yoast.com\/wordpress\/plugins\/seo\/ -->\n<title>Make The Cover - Playboy Fragrance | DE<\/title>\n<meta name=\"robots\" content=\"index, follow\" \/>\n<meta name=\"googlebot\" content=\"index, follow, max-snippet:-1, max-image-preview:large, max-video-preview:-1\" \/>\n<meta name=\"bingbot\" content=\"index, follow, max-snippet:-1, max-image-preview:large, max-video-preview:-1\" \/>\n<link rel=\"canonical\" href=\"https:\/\/playboyfragrance.oneagency.co\/de\/product\/make-the-cover-for-him\/\" \/>\n<meta property=\"og:locale\" content=\"en_GB\" \/>\n<meta property=\"og:type\" content=\"article\" \/>\n<meta property=\"og:title\" content=\"Make The Cover - Playboy Fragrance | DE\" \/>\n<meta property=\"og:description\" content=\"Der charismatische Duft Make The Cover For Him wurde vom preisgekr\u00f6nten, franz\u00f6sischen Parf\u00fcmeur Fabrice Pellegrin aus dem Hause Firmenich kreiert. Ein Parfum f\u00fcr all diejenigen, die zu sich selbst stehen und das Wagnis lieben. Der Duft ist eine facettenreiche Mischung aus sich kontrastierenden Noten \u2013 f\u00fcr ein \u00fcberzeugendes und modernes Dufterlebnis. Eine saftig-w\u00fcrzige Mischung aus gr\u00fcnem Apfel, zitrischer Bergamotte und aromatischem Kardamom belebt die Sinne. Diese entwickelt sich zu einer reinen und raffinierten Herznote, bestehend aus Lavandinwasser und Veilchenbl\u00e4ttern. Durch einen aquatischen, fruchtigen Akkord entsteht ein belebendes Gef\u00fchl. Sobald sich der Duft setzt, entfalten sich holzige Noten von Tonkabohne, Bernstein und Patchouli, die der eleganten Komposition Tiefe verleihen.\" \/>\n<meta property=\"og:url\" content=\"https:\/\/playboyfragrance.oneagency.co\/de\/product\/make-the-cover-for-him\/\" \/>\n<meta property=\"og:site_name\" content=\"Playboy Fragrance | DE\" \/>\n<meta property=\"article:modified_time\" content=\"2022-08-18T13:14:15+00:00\" \/>\n<meta property=\"og:image\" content=\"https:\/\/playboyfragrances.com\/de\/wp-content\/uploads\/sites\/3\/2020\/03\/for-him-product.png\" \/>\n\t<meta property=\"og:image:width\" content=\"208\" \/>\n\t<meta property=\"og:image:height\" content=\"400\" \/>\n<meta name=\"twitter:card\" content=\"summary_large_image\" \/>\n<script type=\"application\/ld+json\" class=\"yoast-schema-graph\">{\"@context\":\"https:\/\/schema.org\",\"@graph\":[{\"@type\":\"WebSite\",\"@id\":\"https:\/\/playboyfragrances.com\/de\/#website\",\"url\":\"https:\/\/playboyfragrances.com\/de\/\",\"name\":\"Playboy Fragrance | DE\",\"description\":\"\",\"potentialAction\":[{\"@type\":\"SearchAction\",\"target\":\"https:\/\/playboyfragrances.com\/de\/?s={search_term_string}\",\"query-input\":\"required name=search_term_string\"}],\"inLanguage\":\"en-GB\"},{\"@type\":\"ImageObject\",\"@id\":\"https:\/\/playboyfragrance.oneagency.co\/de\/product\/make-the-cover-for-him\/#primaryimage\",\"inLanguage\":\"en-GB\",\"url\":\"https:\/\/playboyfragrances.com\/de\/wp-content\/uploads\/sites\/3\/2020\/03\/for-him-product.png\",\"width\":208,\"height\":400},{\"@type\":\"WebPage\",\"@id\":\"https:\/\/playboyfragrance.oneagency.co\/de\/product\/make-the-cover-for-him\/#webpage\",\"url\":\"https:\/\/playboyfragrance.oneagency.co\/de\/product\/make-the-cover-for-him\/\",\"name\":\"Make The Cover - Playboy Fragrance | DE\",\"isPartOf\":{\"@id\":\"https:\/\/playboyfragrances.com\/de\/#website\"},\"primaryImageOfPage\":{\"@id\":\"https:\/\/playboyfragrance.oneagency.co\/de\/product\/make-the-cover-for-him\/#primaryimage\"},\"datePublished\":\"2020-03-11T16:41:25+00:00\",\"dateModified\":\"2022-08-18T13:14:15+00:00\",\"inLanguage\":\"en-GB\",\"potentialAction\":[{\"@type\":\"ReadAction\",\"target\":[\"https:\/\/playboyfragrance.oneagency.co\/de\/product\/make-the-cover-for-him\/\"]}]}]}<\/script>\n<!-- \/ Yoast SEO plugin. -->","_links":{"self":[{"href":"https:\/\/playboyfragrances.com\/de\/wp-json\/wp\/v2\/product\/54","targetHints":{"allow":["GET"]}}],"collection":[{"href":"https:\/\/playboyfragrances.com\/de\/wp-json\/wp\/v2\/product"}],"about":[{"href":"https:\/\/playboyfragrances.com\/de\/wp-json\/wp\/v2\/types\/product"}],"replies":[{"embeddable":true,"href":"https:\/\/playboyfragrances.com\/de\/wp-json\/wp\/v2\/comments?post=54"}],"wp:featuredmedia":[{"embeddable":true,"href":"https:\/\/playboyfragrances.com\/de\/wp-json\/wp\/v2\/media\/601"}],"wp:attachment":[{"href":"https:\/\/playboyfragrances.com\/de\/wp-json\/wp\/v2\/media?parent=54"}],"curies":[{"name":"wp","href":"https:\/\/api.w.org\/{rel}","templated":true}]}}