{"id":674,"date":"2023-09-27T09:42:31","date_gmt":"2023-09-27T08:42:31","guid":{"rendered":"https:\/\/playboyfragrances.com\/de\/?post_type=product&#038;p=674"},"modified":"2024-03-22T21:43:06","modified_gmt":"2024-03-22T21:43:06","slug":"midnight-guilt","status":"publish","type":"product","link":"https:\/\/playboyfragrances.com\/de\/product\/midnight-guilt\/","title":{"rendered":"Midnight Guilt"},"content":{"rendered":"<div class=\"block-product-description-container\">\n        <div class=\"block acf-block block-product-description\">\n            <div class=\"container\">\n                <div class=\"row product-and-description\">\n                    <div class=\"col-12 col-md-5\">\n                        <div class=\"product-description\">\n                            <div class=\"product-category\">\n                                <div class=\"hr-wrapper inline-hr-left\">\n                                <\/div>\n                            <\/div>\n                            <div class=\"product-title\">\n                                <div class=\"hr-wrapper inline-hr-right\">\n                                    <div class=\"hr\"><\/div>\n                                <\/div>\n                                <div class=\"slide-wrapper\">\n                                    <h1 class=\"h3 slide-up\">Midnight Guilt<\/h1>\n                                <\/div>\n                            <\/div>\n                            <p>Tauche ein in die Geheimnisse der Nacht mit dem veganen Body Mist von Playboy &#8211; eine fesselnde Mischung aus s\u00fc\u00dfen Waldbeeren und geschlagener Vanille, gekr\u00f6nt von\r\nkandierten Rosen. W\u00e4hrend die Welt still steht, f\u00e4ngst du gerade erst an \u2013 lass dich vom Duft in die Mysterien der Nacht entf\u00fchren. Das perfekte Geschenk f\u00fcr deine Squad!<\/p>\n                                                                                                                    <a href=\"https:\/\/www.rossmann.de\/de\/marken\/playboy\/c\/online-dachmarke_4455598\" target=\"_blank\" class=\"btn btn-primary\">JETZT EINKAUFEN<\/a>\n                                                                                <\/div>\n                    <\/div>\n                    <div class=\"col-12 col-md-7\">\n                        <div class=\"product-image\">\n                            <img srcset=\"https:\/\/playboyfragrances.com\/de\/wp-content\/uploads\/sites\/3\/2023\/09\/MidnightGuilt-1.png 1x, https:\/\/playboyfragrances.com\/de\/wp-content\/uploads\/sites\/3\/2023\/09\/MidnightGuilt-1.png 2x\" class=\"img-fluid\" \/>\n                            <!--<img srcset=\"--><!--\/img\/products\/for-him.png 1x, --><!--\/img\/products\/for-him-2x.png 2x\" class=\"img-fluid\" \/>-->\n                        <\/div>\n                    <\/div>\n                <\/div>\n            <\/div>\n        <\/div>\n<\/div>\n\n<div class=\"block acf-block block-product-video\">\n    <div class=\"container-medium\">\n        <div class=\"row\">\n            <div class=\"col-12 px-0\">\n                <div class=\"overlay-wrapper\">\n                    <div class=\"overlay\"><\/div>\n                    <div class=\"video-wrapper\">\n                                                    <img decoding=\"async\" src=\"https:\/\/playboyfragrances.com\/de\/wp-content\/uploads\/sites\/3\/2023\/09\/Midnight-Guilt.jpg\" alt=\"\" class=\"img-fluid\" \/>\n                                                                    <\/div>\n                <\/div>\n            <\/div>\n        <\/div>\n    <\/div>\n<\/div>\n\n<div class=\"block acf-block block-product-ingredients\">\n    <div class=\"container\">\n            <div class=\"product-ingredients-background\">\n            <div class=\"row\">\n                <div class=\"col-12 col-md-7\">\n                    <div class=\"product-ingredients-image\">\n                        <div class=\"ingredients-image\">\n                            <img decoding=\"async\" src=\"https:\/\/playboyfragrances.com\/de\/wp-content\/uploads\/sites\/3\/2024\/03\/Midnight-Guilt-Scent.jpg\" class=\"img-fluid\" \/>\n                        <\/div>\n                    <\/div>\n                <\/div>\n                <div class=\"col-12 col-md-5 product-ingredients-wrapper\">\n                    <div class=\"product-ingredients\">\n                        <div class=\"product-ingredients-content\">\n                            <div class=\"hr-wrapper\">\n                                <div class=\"hr\"><\/div>\n                            <\/div>\n                            <div class=\"slide-wrapper\">\n                                <h3 class=\"slide-up\">Der Duft<\/h3>\n                            <\/div>\n                            <div class=\"fade-in\">\n                                                                <p>Wilde Beeren. Geschlagene Vanille. Kandierte Rose.<\/p>\n                                \n                                                                \n                                <!--Lorem ipsum dolor sit amet, consectetur adipiscing elit, sed do eiusmod tempor incididunt ut labore et dolore magna aliqua. Ut enim ad minim veniam, quis nostrud exercitation ullamco laboris.-->\n                                <!--<a href=\"\" class=\"btn btn-primary\">Shop now<\/a>-->\n                            <\/div>\n                        <\/div>\n                    <\/div>\n                <\/div>\n            <\/div>\n        <\/div>\n    <\/div>\n<\/div>\n\n<div class=\"block block-core block-core\/spacer\">\n<div style=\"height:100px\" aria-hidden=\"true\" class=\"wp-block-spacer\"><\/div>\n<\/div>","protected":false},"excerpt":{"rendered":"<p>Tauche ein in die Geheimnisse der Nacht mit dem veganen Body Mist von Playboy &#8211; eine fesselnde Mischung aus s\u00fc\u00dfen Waldbeeren und geschlagener Vanille, gekr\u00f6nt von<br \/>\nkandierten Rosen. W\u00e4hrend die Welt still steht, f\u00e4ngst du gerade erst an \u2013 lass dich vom Duft in die Mysterien der Nacht entf\u00fchren. Das perfekte Geschenk f\u00fcr deine Squad!<\/p>\n","protected":false},"featured_media":676,"comment_status":"open","ping_status":"closed","template":"","meta":[],"class_list":["post-674","product","type-product","status-publish","has-post-thumbnail","hentry","product_cat-bodymists"],"yoast_head":"<!-- This site is optimized with the Yoast SEO plugin v14.7 - https:\/\/yoast.com\/wordpress\/plugins\/seo\/ -->\n<title>Midnight Guilt - Playboy Fragrance | DE<\/title>\n<meta name=\"robots\" content=\"index, follow\" \/>\n<meta name=\"googlebot\" content=\"index, follow, max-snippet:-1, max-image-preview:large, max-video-preview:-1\" \/>\n<meta name=\"bingbot\" content=\"index, follow, max-snippet:-1, max-image-preview:large, max-video-preview:-1\" \/>\n<link rel=\"canonical\" href=\"https:\/\/playboyfragrances.com\/de\/product\/midnight-guilt\/\" \/>\n<meta property=\"og:locale\" content=\"en_GB\" \/>\n<meta property=\"og:type\" content=\"article\" \/>\n<meta property=\"og:title\" content=\"Midnight Guilt - Playboy Fragrance | DE\" \/>\n<meta property=\"og:description\" content=\"Tauche ein in die Geheimnisse der Nacht mit dem veganen Body Mist von Playboy - eine fesselnde Mischung aus s\u00fc\u00dfen Waldbeeren und geschlagener Vanille, gekr\u00f6nt von kandierten Rosen. W\u00e4hrend die Welt still steht, f\u00e4ngst du gerade erst an \u2013 lass dich vom Duft in die Mysterien der Nacht entf\u00fchren. Das perfekte Geschenk f\u00fcr deine Squad!\" \/>\n<meta property=\"og:url\" content=\"https:\/\/playboyfragrances.com\/de\/product\/midnight-guilt\/\" \/>\n<meta property=\"og:site_name\" content=\"Playboy Fragrance | DE\" \/>\n<meta property=\"article:modified_time\" content=\"2024-03-22T21:43:06+00:00\" \/>\n<meta property=\"og:image\" content=\"https:\/\/playboyfragrances.com\/de\/wp-content\/uploads\/sites\/3\/2023\/09\/MidnightGuilt-1-1.png\" \/>\n\t<meta property=\"og:image:width\" content=\"683\" \/>\n\t<meta property=\"og:image:height\" content=\"1024\" \/>\n<meta name=\"twitter:card\" content=\"summary_large_image\" \/>\n<script type=\"application\/ld+json\" class=\"yoast-schema-graph\">{\"@context\":\"https:\/\/schema.org\",\"@graph\":[{\"@type\":\"WebSite\",\"@id\":\"https:\/\/playboyfragrances.com\/de\/#website\",\"url\":\"https:\/\/playboyfragrances.com\/de\/\",\"name\":\"Playboy Fragrance | DE\",\"description\":\"\",\"potentialAction\":[{\"@type\":\"SearchAction\",\"target\":\"https:\/\/playboyfragrances.com\/de\/?s={search_term_string}\",\"query-input\":\"required name=search_term_string\"}],\"inLanguage\":\"en-GB\"},{\"@type\":\"ImageObject\",\"@id\":\"https:\/\/playboyfragrances.com\/de\/product\/midnight-guilt\/#primaryimage\",\"inLanguage\":\"en-GB\",\"url\":\"https:\/\/playboyfragrances.com\/de\/wp-content\/uploads\/sites\/3\/2023\/09\/MidnightGuilt-1-1.png\",\"width\":683,\"height\":1024},{\"@type\":\"WebPage\",\"@id\":\"https:\/\/playboyfragrances.com\/de\/product\/midnight-guilt\/#webpage\",\"url\":\"https:\/\/playboyfragrances.com\/de\/product\/midnight-guilt\/\",\"name\":\"Midnight Guilt - Playboy Fragrance | DE\",\"isPartOf\":{\"@id\":\"https:\/\/playboyfragrances.com\/de\/#website\"},\"primaryImageOfPage\":{\"@id\":\"https:\/\/playboyfragrances.com\/de\/product\/midnight-guilt\/#primaryimage\"},\"datePublished\":\"2023-09-27T08:42:31+00:00\",\"dateModified\":\"2024-03-22T21:43:06+00:00\",\"inLanguage\":\"en-GB\",\"potentialAction\":[{\"@type\":\"ReadAction\",\"target\":[\"https:\/\/playboyfragrances.com\/de\/product\/midnight-guilt\/\"]}]}]}<\/script>\n<!-- \/ Yoast SEO plugin. -->","_links":{"self":[{"href":"https:\/\/playboyfragrances.com\/de\/wp-json\/wp\/v2\/product\/674","targetHints":{"allow":["GET"]}}],"collection":[{"href":"https:\/\/playboyfragrances.com\/de\/wp-json\/wp\/v2\/product"}],"about":[{"href":"https:\/\/playboyfragrances.com\/de\/wp-json\/wp\/v2\/types\/product"}],"replies":[{"embeddable":true,"href":"https:\/\/playboyfragrances.com\/de\/wp-json\/wp\/v2\/comments?post=674"}],"wp:featuredmedia":[{"embeddable":true,"href":"https:\/\/playboyfragrances.com\/de\/wp-json\/wp\/v2\/media\/676"}],"wp:attachment":[{"href":"https:\/\/playboyfragrances.com\/de\/wp-json\/wp\/v2\/media?parent=674"}],"curies":[{"name":"wp","href":"https:\/\/api.w.org\/{rel}","templated":true}]}}