{"id":702,"date":"2023-09-27T10:11:14","date_gmt":"2023-09-27T09:11:14","guid":{"rendered":"https:\/\/playboyfragrances.com\/de\/?post_type=product&#038;p=702"},"modified":"2023-09-27T10:25:03","modified_gmt":"2023-09-27T09:25:03","slug":"play-it-sexy-2","status":"publish","type":"product","link":"https:\/\/playboyfragrances.com\/de\/product\/play-it-sexy-2\/","title":{"rendered":"PLAY IT SEXY"},"content":{"rendered":"<div class=\"block-product-description-container\">\n        <div class=\"block acf-block block-product-description\">\n            <div class=\"container\">\n                <div class=\"row product-and-description\">\n                    <div class=\"col-12 col-md-5\">\n                        <div class=\"product-description\">\n                            <div class=\"product-category\">\n                                <div class=\"hr-wrapper inline-hr-left\">\n                                <\/div>\n                            <\/div>\n                            <div class=\"product-title\">\n                                <div class=\"hr-wrapper inline-hr-right\">\n                                    <div class=\"hr\"><\/div>\n                                <\/div>\n                                <div class=\"slide-wrapper\">\n                                    <h1 class=\"h3 slide-up\">PLAY IT SEXY<\/h1>\n                                <\/div>\n                            <\/div>\n                            <p>Wer sagt, dass man nicht s\u00fc\u00df und gleichzeitg ein bisschen unartig sein kann? Das ist der perfekte Widerspruch. Du wurdest geboren, um so sexy wie nur m\u00f6glich zu sein. Play it sexy verk\u00f6rpert das ermutigende Selbstvertrauen, das sich einstellt, wenn man auf seine eigene Art einfach absolut hei\u00df ist. Zu Beginn sorgt pinke Grapefruit f\u00fcr eine spritzige Frische, bevor sich eine berauschende Herznote mit reichhaltigem, blumigem Jasmin entwickelt. Das ver\u00fchrerische Gef\u00fchl des Duftes wird durch die warme Sinnlichkeit von Virgin Vanille vervollst\u00e4ndigt. Die sexy Attit\u00fcde von Play It Sexy spiegelt sich in den Kaugummi- und Bonbonrosa-T\u00f6nen der Duftverpackung und dem blassrosa Duft perfekt wider.<\/p>\n                                                                                                                    <a href=\"https:\/\/www.rossmann.de\/de\/marken\/playboy\/c\/online-dachmarke_4455598\" target=\"_blank\" class=\"btn btn-primary\">JETZT EINKAUFEN<\/a>\n                                                                                <\/div>\n                    <\/div>\n                    <div class=\"col-12 col-md-7\">\n                        <div class=\"product-image\">\n                            <img srcset=\"https:\/\/playboyfragrances.com\/de\/wp-content\/uploads\/sites\/3\/2023\/09\/Play-it-sexy-1.jpg 1x, https:\/\/playboyfragrances.com\/de\/wp-content\/uploads\/sites\/3\/2023\/09\/Play-it-sexy-1.jpg 2x\" class=\"img-fluid\" \/>\n                            <!--<img srcset=\"--><!--\/img\/products\/for-him.png 1x, --><!--\/img\/products\/for-him-2x.png 2x\" class=\"img-fluid\" \/>-->\n                        <\/div>\n                    <\/div>\n                <\/div>\n            <\/div>\n        <\/div>\n<\/div>\n\n<div class=\"block acf-block block-product-video\">\n    <div class=\"container-medium\">\n        <div class=\"row\">\n            <div class=\"col-12 px-0\">\n                <div class=\"overlay-wrapper\">\n                    <div class=\"overlay\"><\/div>\n                    <div class=\"video-wrapper\">\n                                                    <img decoding=\"async\" src=\"https:\/\/playboyfragrances.com\/de\/wp-content\/uploads\/sites\/3\/2023\/09\/Playboy-play-it-sexy.jpg\" alt=\"\" class=\"img-fluid\" \/>\n                                                                    <\/div>\n                <\/div>\n            <\/div>\n        <\/div>\n    <\/div>\n<\/div>\n\n<div class=\"block acf-block block-product-ingredients\">\n    <div class=\"container\">\n            <div class=\"product-ingredients-background\">\n            <div class=\"row\">\n                <div class=\"col-12 col-md-7\">\n                    <div class=\"product-ingredients-image\">\n                        <div class=\"ingredients-image\">\n                            <img decoding=\"async\" src=\"https:\/\/playboyfragrances.com\/de\/wp-content\/uploads\/sites\/3\/2023\/09\/Playboy-play-it-sexy-4.jpg\" class=\"img-fluid\" \/>\n                        <\/div>\n                    <\/div>\n                <\/div>\n                <div class=\"col-12 col-md-5 product-ingredients-wrapper\">\n                    <div class=\"product-ingredients\">\n                        <div class=\"product-ingredients-content\">\n                            <div class=\"hr-wrapper\">\n                                <div class=\"hr\"><\/div>\n                            <\/div>\n                            <div class=\"slide-wrapper\">\n                                <h3 class=\"slide-up\">Der Duft<\/h3>\n                            <\/div>\n                            <div class=\"fade-in\">\n                                \n                                                                    <ul>\n<li>Rosa Grapefruit<\/li>\n<li>Jasmin Rausch<\/li>\n<li>Reine Vanille<\/li>\n<\/ul>\n                                                                \n                                <!--Lorem ipsum dolor sit amet, consectetur adipiscing elit, sed do eiusmod tempor incididunt ut labore et dolore magna aliqua. Ut enim ad minim veniam, quis nostrud exercitation ullamco laboris.-->\n                                <!--<a href=\"\" class=\"btn btn-primary\">Shop now<\/a>-->\n                            <\/div>\n                        <\/div>\n                    <\/div>\n                <\/div>\n            <\/div>\n        <\/div>\n    <\/div>\n<\/div>\n\n<div class=\"block acf-block block-product-collage fade-in parallax-2\">\n    <div class=\"container\">\n        <div class=\"row\">\n            <div class=\"col-12 col-md-7\">\n                <div class=\"product-collage collage-image-left\">\n                    <img decoding=\"async\" src=\"https:\/\/playboyfragrances.com\/de\/wp-content\/uploads\/sites\/3\/2023\/09\/Playboy-play-it-sexy-2-1.jpg\" class=\"img-fluid\" \/>\n                <\/div>\n            <\/div>\n            <div class=\"col-12 col-md-5\">\n                <div class=\"product-collage collage-image-right parallax-1\">\n                    <img decoding=\"async\" src=\"\" class=\"img-fluid\" \/>\n                <\/div>\n                <div class=\"product-collage collage-image-center parallax-2\">\n                    <img decoding=\"async\" src=\"https:\/\/playboyfragrances.com\/de\/wp-content\/uploads\/sites\/3\/2023\/09\/Playboy-play-it-sexy-3-1.jpg\" class=\"img-fluid\" \/>\n                <\/div>\n            <\/div>\n        <\/div>\n    <\/div>\n<\/div>\n\n<div class=\"block block-core block-core\/spacer\">\n<div style=\"height:258px\" aria-hidden=\"true\" class=\"wp-block-spacer\"><\/div>\n<\/div>","protected":false},"excerpt":{"rendered":"<p>Wer sagt, dass man nicht s\u00fc\u00df und gleichzeitg ein bisschen unartig sein kann? Das ist der perfekte Widerspruch. Du wurdest geboren, um so sexy wie nur m\u00f6glich zu sein. Play it sexy verk\u00f6rpert das ermutigende Selbstvertrauen, das sich einstellt, wenn man auf seine eigene Art einfach absolut hei\u00df ist. Zu Beginn sorgt pinke Grapefruit f\u00fcr eine spritzige Frische, bevor sich eine berauschende Herznote mit reichhaltigem, blumigem Jasmin entwickelt. Das ver\u00fchrerische Gef\u00fchl des Duftes wird durch die warme Sinnlichkeit von Virgin Vanille vervollst\u00e4ndigt. Die sexy Attit\u00fcde von Play It Sexy spiegelt sich in den Kaugummi- und Bonbonrosa-T\u00f6nen der Duftverpackung und dem blassrosa Duft perfekt wider.<\/p>\n","protected":false},"featured_media":704,"comment_status":"open","ping_status":"closed","template":"","meta":[],"class_list":["post-702","product","type-product","status-publish","has-post-thumbnail","hentry","product_cat-edt"],"yoast_head":"<!-- This site is optimized with the Yoast SEO plugin v14.7 - https:\/\/yoast.com\/wordpress\/plugins\/seo\/ -->\n<title>PLAY IT SEXY - Playboy Fragrance | DE<\/title>\n<meta name=\"robots\" content=\"index, follow\" \/>\n<meta name=\"googlebot\" content=\"index, follow, max-snippet:-1, max-image-preview:large, max-video-preview:-1\" \/>\n<meta name=\"bingbot\" content=\"index, follow, max-snippet:-1, max-image-preview:large, max-video-preview:-1\" \/>\n<link rel=\"canonical\" href=\"https:\/\/playboyfragrances.com\/de\/product\/play-it-sexy-2\/\" \/>\n<meta property=\"og:locale\" content=\"en_GB\" \/>\n<meta property=\"og:type\" content=\"article\" \/>\n<meta property=\"og:title\" content=\"PLAY IT SEXY - Playboy Fragrance | DE\" \/>\n<meta property=\"og:description\" content=\"Wer sagt, dass man nicht s\u00fc\u00df und gleichzeitg ein bisschen unartig sein kann? Das ist der perfekte Widerspruch. Du wurdest geboren, um so sexy wie nur m\u00f6glich zu sein. Play it sexy verk\u00f6rpert das ermutigende Selbstvertrauen, das sich einstellt, wenn man auf seine eigene Art einfach absolut hei\u00df ist. Zu Beginn sorgt pinke Grapefruit f\u00fcr eine spritzige Frische, bevor sich eine berauschende Herznote mit reichhaltigem, blumigem Jasmin entwickelt. Das ver\u00fchrerische Gef\u00fchl des Duftes wird durch die warme Sinnlichkeit von Virgin Vanille vervollst\u00e4ndigt. Die sexy Attit\u00fcde von Play It Sexy spiegelt sich in den Kaugummi- und Bonbonrosa-T\u00f6nen der Duftverpackung und dem blassrosa Duft perfekt wider.\" \/>\n<meta property=\"og:url\" content=\"https:\/\/playboyfragrances.com\/de\/product\/play-it-sexy-2\/\" \/>\n<meta property=\"og:site_name\" content=\"Playboy Fragrance | DE\" \/>\n<meta property=\"article:modified_time\" content=\"2023-09-27T09:25:03+00:00\" \/>\n<meta property=\"og:image\" content=\"https:\/\/playboyfragrances.com\/de\/wp-content\/uploads\/sites\/3\/2023\/09\/Play-it-sexy-1-1.jpg\" \/>\n\t<meta property=\"og:image:width\" content=\"683\" \/>\n\t<meta property=\"og:image:height\" content=\"1024\" \/>\n<meta name=\"twitter:card\" content=\"summary_large_image\" \/>\n<script type=\"application\/ld+json\" class=\"yoast-schema-graph\">{\"@context\":\"https:\/\/schema.org\",\"@graph\":[{\"@type\":\"WebSite\",\"@id\":\"https:\/\/playboyfragrances.com\/de\/#website\",\"url\":\"https:\/\/playboyfragrances.com\/de\/\",\"name\":\"Playboy Fragrance | DE\",\"description\":\"\",\"potentialAction\":[{\"@type\":\"SearchAction\",\"target\":\"https:\/\/playboyfragrances.com\/de\/?s={search_term_string}\",\"query-input\":\"required name=search_term_string\"}],\"inLanguage\":\"en-GB\"},{\"@type\":\"ImageObject\",\"@id\":\"https:\/\/playboyfragrances.com\/de\/product\/play-it-sexy-2\/#primaryimage\",\"inLanguage\":\"en-GB\",\"url\":\"https:\/\/playboyfragrances.com\/de\/wp-content\/uploads\/sites\/3\/2023\/09\/Play-it-sexy-1-1.jpg\",\"width\":683,\"height\":1024},{\"@type\":\"WebPage\",\"@id\":\"https:\/\/playboyfragrances.com\/de\/product\/play-it-sexy-2\/#webpage\",\"url\":\"https:\/\/playboyfragrances.com\/de\/product\/play-it-sexy-2\/\",\"name\":\"PLAY IT SEXY - Playboy Fragrance | DE\",\"isPartOf\":{\"@id\":\"https:\/\/playboyfragrances.com\/de\/#website\"},\"primaryImageOfPage\":{\"@id\":\"https:\/\/playboyfragrances.com\/de\/product\/play-it-sexy-2\/#primaryimage\"},\"datePublished\":\"2023-09-27T09:11:14+00:00\",\"dateModified\":\"2023-09-27T09:25:03+00:00\",\"inLanguage\":\"en-GB\",\"potentialAction\":[{\"@type\":\"ReadAction\",\"target\":[\"https:\/\/playboyfragrances.com\/de\/product\/play-it-sexy-2\/\"]}]}]}<\/script>\n<!-- \/ Yoast SEO plugin. -->","_links":{"self":[{"href":"https:\/\/playboyfragrances.com\/de\/wp-json\/wp\/v2\/product\/702","targetHints":{"allow":["GET"]}}],"collection":[{"href":"https:\/\/playboyfragrances.com\/de\/wp-json\/wp\/v2\/product"}],"about":[{"href":"https:\/\/playboyfragrances.com\/de\/wp-json\/wp\/v2\/types\/product"}],"replies":[{"embeddable":true,"href":"https:\/\/playboyfragrances.com\/de\/wp-json\/wp\/v2\/comments?post=702"}],"wp:featuredmedia":[{"embeddable":true,"href":"https:\/\/playboyfragrances.com\/de\/wp-json\/wp\/v2\/media\/704"}],"wp:attachment":[{"href":"https:\/\/playboyfragrances.com\/de\/wp-json\/wp\/v2\/media?parent=702"}],"curies":[{"name":"wp","href":"https:\/\/api.w.org\/{rel}","templated":true}]}}