{"id":715,"date":"2023-09-27T10:17:46","date_gmt":"2023-09-27T09:17:46","guid":{"rendered":"https:\/\/playboyfragrances.com\/de\/?post_type=product&#038;p=715"},"modified":"2023-09-27T10:24:19","modified_gmt":"2023-09-27T09:24:19","slug":"goddess-complex","status":"publish","type":"product","link":"https:\/\/playboyfragrances.com\/de\/product\/goddess-complex\/","title":{"rendered":"Goddess Complex"},"content":{"rendered":"<div class=\"block-product-description-container\">\n        <div class=\"block acf-block block-product-description\">\n            <div class=\"container\">\n                <div class=\"row product-and-description\">\n                    <div class=\"col-12 col-md-5\">\n                        <div class=\"product-description\">\n                            <div class=\"product-category\">\n                                <div class=\"hr-wrapper inline-hr-left\">\n                                <\/div>\n                            <\/div>\n                            <div class=\"product-title\">\n                                <div class=\"hr-wrapper inline-hr-right\">\n                                    <div class=\"hr\"><\/div>\n                                <\/div>\n                                <div class=\"slide-wrapper\">\n                                    <h1 class=\"h3 slide-up\">Goddess Complex<\/h1>\n                                <\/div>\n                            <\/div>\n                            <p>Du h\u00e4ltst dich nicht an die Regeln fr\u00fcherer Generationen; es macht keinen Spa\u00df, sich anzupassen. Du stellst dich selbst in den Mittelpunkt des Universums &#8211; und du verdienst es, dort zu sein. Beanspruche deine Macht mit Goddess Complex, einem g\u00f6ttlichen, veganen Duft, der warme, vanillige und fruchtige Facetten miteinander verbindet. Er \u00f6ffnet sich mit einer saftigen Pfirsichnote, die eine feine S\u00fc\u00dfe offenbart. Ein kontrastierender Hauch von rosa Pfeffer sorgt f\u00fcr w\u00fcrzige Frische, bevor er in die intensive Gourmand-W\u00e4rme einer k\u00f6stlichen Praline \u00fcbergeht. Die Verpackung des Parfums ist in kr\u00e4ftigem Violett gehalten und mit einem glitzernden silbernen Schriftzug versehen, der alle Blicke auf sich zieht. Perfekt f\u00fcr jede G\u00f6ttin.<\/p>\n                                                                                                                    <a href=\"https:\/\/www.rossmann.de\/de\/marken\/playboy\/c\/online-dachmarke_4455598\" target=\"_blank\" class=\"btn btn-primary\">JETZT EINKAUFEN<\/a>\n                                                                                <\/div>\n                    <\/div>\n                    <div class=\"col-12 col-md-7\">\n                        <div class=\"product-image\">\n                            <img srcset=\"https:\/\/playboyfragrances.com\/de\/wp-content\/uploads\/sites\/3\/2023\/09\/Goddess-complex.jpg 1x, https:\/\/playboyfragrances.com\/de\/wp-content\/uploads\/sites\/3\/2023\/09\/Goddess-complex.jpg 2x\" class=\"img-fluid\" \/>\n                            <!--<img srcset=\"--><!--\/img\/products\/for-him.png 1x, --><!--\/img\/products\/for-him-2x.png 2x\" class=\"img-fluid\" \/>-->\n                        <\/div>\n                    <\/div>\n                <\/div>\n            <\/div>\n        <\/div>\n<\/div>\n\n<div class=\"block acf-block block-product-video\">\n    <div class=\"container-medium\">\n        <div class=\"row\">\n            <div class=\"col-12 px-0\">\n                <div class=\"overlay-wrapper\">\n                    <div class=\"overlay\"><\/div>\n                    <div class=\"video-wrapper\">\n                                                    <img decoding=\"async\" src=\"https:\/\/playboyfragrances.com\/de\/wp-content\/uploads\/sites\/3\/2023\/09\/Playboy-Goddess-complex.jpg\" alt=\"\" class=\"img-fluid\" \/>\n                                                                    <\/div>\n                <\/div>\n            <\/div>\n        <\/div>\n    <\/div>\n<\/div>\n\n<div class=\"block acf-block block-product-ingredients\">\n    <div class=\"container\">\n            <div class=\"product-ingredients-background\">\n            <div class=\"row\">\n                <div class=\"col-12 col-md-7\">\n                    <div class=\"product-ingredients-image\">\n                        <div class=\"ingredients-image\">\n                            <img decoding=\"async\" src=\"https:\/\/playboyfragrances.com\/de\/wp-content\/uploads\/sites\/3\/2023\/09\/Playboy-Goddess-complex-4.jpg\" class=\"img-fluid\" \/>\n                        <\/div>\n                    <\/div>\n                <\/div>\n                <div class=\"col-12 col-md-5 product-ingredients-wrapper\">\n                    <div class=\"product-ingredients\">\n                        <div class=\"product-ingredients-content\">\n                            <div class=\"hr-wrapper\">\n                                <div class=\"hr\"><\/div>\n                            <\/div>\n                            <div class=\"slide-wrapper\">\n                                <h3 class=\"slide-up\">Der Duft<\/h3>\n                            <\/div>\n                            <div class=\"fade-in\">\n                                \n                                                                    <ul>\n<li style=\"list-style-type: none;\">\n<ul>\n<li style=\"list-style-type: none;\">\n<ul>\n<li style=\"list-style-type: none;\">\n<ul>\n<li>Saftiger Pfirsich<\/li>\n<li>Rosa Pfeffer<\/li>\n<li>K\u00f6stliche Praline<\/li>\n<\/ul>\n<\/li>\n<\/ul>\n<\/li>\n<\/ul>\n<\/li>\n<\/ul>\n                                                                \n                                <!--Lorem ipsum dolor sit amet, consectetur adipiscing elit, sed do eiusmod tempor incididunt ut labore et dolore magna aliqua. Ut enim ad minim veniam, quis nostrud exercitation ullamco laboris.-->\n                                <!--<a href=\"\" class=\"btn btn-primary\">Shop now<\/a>-->\n                            <\/div>\n                        <\/div>\n                    <\/div>\n                <\/div>\n            <\/div>\n        <\/div>\n    <\/div>\n<\/div>\n\n<div class=\"block acf-block block-product-collage fade-in parallax-2\">\n    <div class=\"container\">\n        <div class=\"row\">\n            <div class=\"col-12 col-md-7\">\n                <div class=\"product-collage collage-image-left\">\n                    <img decoding=\"async\" src=\"https:\/\/playboyfragrances.com\/de\/wp-content\/uploads\/sites\/3\/2023\/09\/Playboy-Goddess-complex-2-1.jpg\" class=\"img-fluid\" \/>\n                <\/div>\n            <\/div>\n            <div class=\"col-12 col-md-5\">\n                <div class=\"product-collage collage-image-right parallax-1\">\n                    <img decoding=\"async\" src=\"\" class=\"img-fluid\" \/>\n                <\/div>\n                <div class=\"product-collage collage-image-center parallax-2\">\n                    <img decoding=\"async\" src=\"https:\/\/playboyfragrances.com\/de\/wp-content\/uploads\/sites\/3\/2023\/09\/Playboy-Goddess-complex-3-1.jpg\" class=\"img-fluid\" \/>\n                <\/div>\n            <\/div>\n        <\/div>\n    <\/div>\n<\/div>\n\n<div class=\"block block-core block-core\/spacer\">\n<div style=\"height:258px\" aria-hidden=\"true\" class=\"wp-block-spacer\"><\/div>\n<\/div>","protected":false},"excerpt":{"rendered":"<p>Du h\u00e4ltst dich nicht an die Regeln fr\u00fcherer Generationen; es macht keinen Spa\u00df, sich anzupassen. Du stellst dich selbst in den Mittelpunkt des Universums &#8211; und du verdienst es, dort zu sein. Beanspruche deine Macht mit Goddess Complex, einem g\u00f6ttlichen, veganen Duft, der warme, vanillige und fruchtige Facetten miteinander verbindet. Er \u00f6ffnet sich mit einer saftigen Pfirsichnote, die eine feine S\u00fc\u00dfe offenbart. Ein kontrastierender Hauch von rosa Pfeffer sorgt f\u00fcr w\u00fcrzige Frische, bevor er in die intensive Gourmand-W\u00e4rme einer k\u00f6stlichen Praline \u00fcbergeht. Die Verpackung des Parfums ist in kr\u00e4ftigem Violett gehalten und mit einem glitzernden silbernen Schriftzug versehen, der alle Blicke auf sich zieht. Perfekt f\u00fcr jede G\u00f6ttin.<\/p>\n","protected":false},"featured_media":716,"comment_status":"open","ping_status":"closed","template":"","meta":[],"class_list":["post-715","product","type-product","status-publish","has-post-thumbnail","hentry","product_cat-edt"],"yoast_head":"<!-- This site is optimized with the Yoast SEO plugin v14.7 - https:\/\/yoast.com\/wordpress\/plugins\/seo\/ -->\n<title>Goddess Complex - Playboy Fragrance | DE<\/title>\n<meta name=\"robots\" content=\"index, follow\" \/>\n<meta name=\"googlebot\" content=\"index, follow, max-snippet:-1, max-image-preview:large, max-video-preview:-1\" \/>\n<meta name=\"bingbot\" content=\"index, follow, max-snippet:-1, max-image-preview:large, max-video-preview:-1\" \/>\n<link rel=\"canonical\" href=\"https:\/\/playboyfragrances.com\/de\/product\/goddess-complex\/\" \/>\n<meta property=\"og:locale\" content=\"en_GB\" \/>\n<meta property=\"og:type\" content=\"article\" \/>\n<meta property=\"og:title\" content=\"Goddess Complex - Playboy Fragrance | DE\" \/>\n<meta property=\"og:description\" content=\"Du h\u00e4ltst dich nicht an die Regeln fr\u00fcherer Generationen; es macht keinen Spa\u00df, sich anzupassen. Du stellst dich selbst in den Mittelpunkt des Universums - und du verdienst es, dort zu sein. Beanspruche deine Macht mit Goddess Complex, einem g\u00f6ttlichen, veganen Duft, der warme, vanillige und fruchtige Facetten miteinander verbindet. Er \u00f6ffnet sich mit einer saftigen Pfirsichnote, die eine feine S\u00fc\u00dfe offenbart. Ein kontrastierender Hauch von rosa Pfeffer sorgt f\u00fcr w\u00fcrzige Frische, bevor er in die intensive Gourmand-W\u00e4rme einer k\u00f6stlichen Praline \u00fcbergeht. Die Verpackung des Parfums ist in kr\u00e4ftigem Violett gehalten und mit einem glitzernden silbernen Schriftzug versehen, der alle Blicke auf sich zieht. Perfekt f\u00fcr jede G\u00f6ttin.\" \/>\n<meta property=\"og:url\" content=\"https:\/\/playboyfragrances.com\/de\/product\/goddess-complex\/\" \/>\n<meta property=\"og:site_name\" content=\"Playboy Fragrance | DE\" \/>\n<meta property=\"article:modified_time\" content=\"2023-09-27T09:24:19+00:00\" \/>\n<meta property=\"og:image\" content=\"https:\/\/playboyfragrances.com\/de\/wp-content\/uploads\/sites\/3\/2023\/09\/Goddess-complex.jpg\" \/>\n\t<meta property=\"og:image:width\" content=\"683\" \/>\n\t<meta property=\"og:image:height\" content=\"1024\" \/>\n<meta name=\"twitter:card\" content=\"summary_large_image\" \/>\n<script type=\"application\/ld+json\" class=\"yoast-schema-graph\">{\"@context\":\"https:\/\/schema.org\",\"@graph\":[{\"@type\":\"WebSite\",\"@id\":\"https:\/\/playboyfragrances.com\/de\/#website\",\"url\":\"https:\/\/playboyfragrances.com\/de\/\",\"name\":\"Playboy Fragrance | DE\",\"description\":\"\",\"potentialAction\":[{\"@type\":\"SearchAction\",\"target\":\"https:\/\/playboyfragrances.com\/de\/?s={search_term_string}\",\"query-input\":\"required name=search_term_string\"}],\"inLanguage\":\"en-GB\"},{\"@type\":\"ImageObject\",\"@id\":\"https:\/\/playboyfragrances.com\/de\/product\/goddess-complex\/#primaryimage\",\"inLanguage\":\"en-GB\",\"url\":\"https:\/\/playboyfragrances.com\/de\/wp-content\/uploads\/sites\/3\/2023\/09\/Goddess-complex.jpg\",\"width\":683,\"height\":1024},{\"@type\":\"WebPage\",\"@id\":\"https:\/\/playboyfragrances.com\/de\/product\/goddess-complex\/#webpage\",\"url\":\"https:\/\/playboyfragrances.com\/de\/product\/goddess-complex\/\",\"name\":\"Goddess Complex - Playboy Fragrance | DE\",\"isPartOf\":{\"@id\":\"https:\/\/playboyfragrances.com\/de\/#website\"},\"primaryImageOfPage\":{\"@id\":\"https:\/\/playboyfragrances.com\/de\/product\/goddess-complex\/#primaryimage\"},\"datePublished\":\"2023-09-27T09:17:46+00:00\",\"dateModified\":\"2023-09-27T09:24:19+00:00\",\"inLanguage\":\"en-GB\",\"potentialAction\":[{\"@type\":\"ReadAction\",\"target\":[\"https:\/\/playboyfragrances.com\/de\/product\/goddess-complex\/\"]}]}]}<\/script>\n<!-- \/ Yoast SEO plugin. -->","_links":{"self":[{"href":"https:\/\/playboyfragrances.com\/de\/wp-json\/wp\/v2\/product\/715","targetHints":{"allow":["GET"]}}],"collection":[{"href":"https:\/\/playboyfragrances.com\/de\/wp-json\/wp\/v2\/product"}],"about":[{"href":"https:\/\/playboyfragrances.com\/de\/wp-json\/wp\/v2\/types\/product"}],"replies":[{"embeddable":true,"href":"https:\/\/playboyfragrances.com\/de\/wp-json\/wp\/v2\/comments?post=715"}],"wp:featuredmedia":[{"embeddable":true,"href":"https:\/\/playboyfragrances.com\/de\/wp-json\/wp\/v2\/media\/716"}],"wp:attachment":[{"href":"https:\/\/playboyfragrances.com\/de\/wp-json\/wp\/v2\/media?parent=715"}],"curies":[{"name":"wp","href":"https:\/\/api.w.org\/{rel}","templated":true}]}}