{"id":741,"date":"2024-03-21T15:08:01","date_gmt":"2024-03-21T15:08:01","guid":{"rendered":"https:\/\/playboyfragrances.com\/de\/?post_type=product&#038;p=741"},"modified":"2024-05-30T10:32:25","modified_gmt":"2024-05-30T09:32:25","slug":"fiery-love","status":"publish","type":"product","link":"https:\/\/playboyfragrances.com\/de\/product\/fiery-love\/","title":{"rendered":"Fiery Love"},"content":{"rendered":"<div class=\"block-product-description-container\">\n        <div class=\"block acf-block block-product-description\">\n            <div class=\"container\">\n                <div class=\"row product-and-description\">\n                    <div class=\"col-12 col-md-5\">\n                        <div class=\"product-description\">\n                            <div class=\"product-category\">\n                                <div class=\"hr-wrapper inline-hr-left\">\n                                <\/div>\n                            <\/div>\n                            <div class=\"product-title\">\n                                <div class=\"hr-wrapper inline-hr-right\">\n                                    <div class=\"hr\"><\/div>\n                                <\/div>\n                                <div class=\"slide-wrapper\">\n                                    <h1 class=\"h3 slide-up\">Fiery Love<\/h1>\n                                <\/div>\n                            <\/div>\n                            <p>Entfessle deine feurige Seite mit dem veganen All Over Fragrance Mist Fiery Love von Playboy mit zugesetztem Vitamin E. Saftige Beeren, rote Rosen und\r\nsamtige H\u00f6lzer vereinen sich zu einem Duft, der f\u00fcr Leidenschaft und Liebe steht. Dieser Duft ist mehr als nur ein Body Mist, er hinterl\u00e4sst eine berauschende Aura, wo auch immer du gehst oder stehst. Das perfekte Geschenk f\u00fcr deine Squad!<\/p>\n                                                                                                                    <a href=\"https:\/\/www.rossmann.de\/de\/marken\/playboy\/c\/online-dachmarke_4455598\" target=\"_blank\" class=\"btn btn-primary\">JETZT EINKAUFEN<\/a>\n                                                                                <\/div>\n                    <\/div>\n                    <div class=\"col-12 col-md-7\">\n                        <div class=\"product-image\">\n                            <img srcset=\"https:\/\/playboyfragrances.com\/de\/wp-content\/uploads\/sites\/3\/2024\/03\/Fiery-Love-product.png 1x, https:\/\/playboyfragrances.com\/de\/wp-content\/uploads\/sites\/3\/2024\/03\/Fiery-Love-product.png 2x\" class=\"img-fluid\" \/>\n                            <!--<img srcset=\"--><!--\/img\/products\/for-him.png 1x, --><!--\/img\/products\/for-him-2x.png 2x\" class=\"img-fluid\" \/>-->\n                        <\/div>\n                    <\/div>\n                <\/div>\n            <\/div>\n        <\/div>\n<\/div>\n\n<div class=\"block acf-block block-product-video\">\n    <div class=\"container-medium\">\n        <div class=\"row\">\n            <div class=\"col-12 px-0\">\n                <div class=\"overlay-wrapper\">\n                    <div class=\"overlay\"><\/div>\n                    <div class=\"video-wrapper\">\n                                                    <img decoding=\"async\" src=\"https:\/\/playboyfragrances.com\/de\/wp-content\/uploads\/sites\/3\/2024\/03\/Fiery-Love.jpg\" alt=\"\" class=\"img-fluid\" \/>\n                                                                    <\/div>\n                <\/div>\n            <\/div>\n        <\/div>\n    <\/div>\n<\/div>\n\n<div class=\"block acf-block block-product-ingredients\">\n    <div class=\"container\">\n            <div class=\"product-ingredients-background\">\n            <div class=\"row\">\n                <div class=\"col-12 col-md-7\">\n                    <div class=\"product-ingredients-image\">\n                        <div class=\"ingredients-image\">\n                            <img decoding=\"async\" src=\"https:\/\/playboyfragrances.com\/de\/wp-content\/uploads\/sites\/3\/2024\/03\/FieryLove_playboy.jpg\" class=\"img-fluid\" \/>\n                        <\/div>\n                    <\/div>\n                <\/div>\n                <div class=\"col-12 col-md-5 product-ingredients-wrapper\">\n                    <div class=\"product-ingredients\">\n                        <div class=\"product-ingredients-content\">\n                            <div class=\"hr-wrapper\">\n                                <div class=\"hr\"><\/div>\n                            <\/div>\n                            <div class=\"slide-wrapper\">\n                                <h3 class=\"slide-up\">Der Duft<\/h3>\n                            <\/div>\n                            <div class=\"fade-in\">\n                                                                <p>Saftige Beeren. Rote Rosen. Samtige H\u00f6lzer.<\/p>\n                                \n                                                                \n                                <!--Lorem ipsum dolor sit amet, consectetur adipiscing elit, sed do eiusmod tempor incididunt ut labore et dolore magna aliqua. Ut enim ad minim veniam, quis nostrud exercitation ullamco laboris.-->\n                                <!--<a href=\"\" class=\"btn btn-primary\">Shop now<\/a>-->\n                            <\/div>\n                        <\/div>\n                    <\/div>\n                <\/div>\n            <\/div>\n        <\/div>\n    <\/div>\n<\/div>\n\n<div class=\"block block-core block-core\/spacer\">\n<div style=\"height:76px\" aria-hidden=\"true\" class=\"wp-block-spacer\"><\/div>\n<\/div>","protected":false},"excerpt":{"rendered":"<p>Entfessle deine feurige Seite mit dem veganen All Over Fragrance Mist Fiery Love von Playboy mit zugesetztem Vitamin E. Saftige Beeren, rote Rosen und samtige H\u00f6lzer vereinen sich zu einem Duft, der f\u00fcr Leidenschaft und Liebe steht. Dieser Duft ist mehr als nur ein Body Mist, er hinterl\u00e4sst eine berauschende Aura, wo auch immer du gehst oder stehst. Kombiniere ihn auch mit anderen Playboy Body Mists, um deine Individualit\u00e4t zum Ausdruck zu bringen. Auch perfekt als Geschenk f\u00fcr deine Squad.<\/p>\n","protected":false},"featured_media":742,"comment_status":"open","ping_status":"closed","template":"","meta":[],"class_list":["post-741","product","type-product","status-publish","has-post-thumbnail","hentry","product_cat-bodymists"],"yoast_head":"<!-- This site is optimized with the Yoast SEO plugin v14.7 - https:\/\/yoast.com\/wordpress\/plugins\/seo\/ -->\n<title>Fiery Love - Playboy Fragrance | DE<\/title>\n<meta name=\"robots\" content=\"index, follow\" \/>\n<meta name=\"googlebot\" content=\"index, follow, max-snippet:-1, max-image-preview:large, max-video-preview:-1\" \/>\n<meta name=\"bingbot\" content=\"index, follow, max-snippet:-1, max-image-preview:large, max-video-preview:-1\" \/>\n<link rel=\"canonical\" href=\"https:\/\/playboyfragrances.com\/de\/product\/fiery-love\/\" \/>\n<meta property=\"og:locale\" content=\"en_GB\" \/>\n<meta property=\"og:type\" content=\"article\" \/>\n<meta property=\"og:title\" content=\"Fiery Love - Playboy Fragrance | DE\" \/>\n<meta property=\"og:description\" content=\"Entfessle deine feurige Seite mit dem veganen All Over Fragrance Mist Fiery Love von Playboy mit zugesetztem Vitamin E. Saftige Beeren, rote Rosen und samtige H\u00f6lzer vereinen sich zu einem Duft, der f\u00fcr Leidenschaft und Liebe steht. Dieser Duft ist mehr als nur ein Body Mist, er hinterl\u00e4sst eine berauschende Aura, wo auch immer du gehst oder stehst. Kombiniere ihn auch mit anderen Playboy Body Mists, um deine Individualit\u00e4t zum Ausdruck zu bringen. Auch perfekt als Geschenk f\u00fcr deine Squad.\" \/>\n<meta property=\"og:url\" content=\"https:\/\/playboyfragrances.com\/de\/product\/fiery-love\/\" \/>\n<meta property=\"og:site_name\" content=\"Playboy Fragrance | DE\" \/>\n<meta property=\"article:modified_time\" content=\"2024-05-30T09:32:25+00:00\" \/>\n<meta property=\"og:image\" content=\"https:\/\/playboyfragrances.com\/de\/wp-content\/uploads\/sites\/3\/2024\/03\/Fiery-Love-product.png\" \/>\n\t<meta property=\"og:image:width\" content=\"800\" \/>\n\t<meta property=\"og:image:height\" content=\"1200\" \/>\n<meta name=\"twitter:card\" content=\"summary_large_image\" \/>\n<script type=\"application\/ld+json\" class=\"yoast-schema-graph\">{\"@context\":\"https:\/\/schema.org\",\"@graph\":[{\"@type\":\"WebSite\",\"@id\":\"https:\/\/playboyfragrances.com\/de\/#website\",\"url\":\"https:\/\/playboyfragrances.com\/de\/\",\"name\":\"Playboy Fragrance | DE\",\"description\":\"\",\"potentialAction\":[{\"@type\":\"SearchAction\",\"target\":\"https:\/\/playboyfragrances.com\/de\/?s={search_term_string}\",\"query-input\":\"required name=search_term_string\"}],\"inLanguage\":\"en-GB\"},{\"@type\":\"ImageObject\",\"@id\":\"https:\/\/playboyfragrances.com\/de\/product\/fiery-love\/#primaryimage\",\"inLanguage\":\"en-GB\",\"url\":\"https:\/\/playboyfragrances.com\/de\/wp-content\/uploads\/sites\/3\/2024\/03\/Fiery-Love-product.png\",\"width\":800,\"height\":1200},{\"@type\":\"WebPage\",\"@id\":\"https:\/\/playboyfragrances.com\/de\/product\/fiery-love\/#webpage\",\"url\":\"https:\/\/playboyfragrances.com\/de\/product\/fiery-love\/\",\"name\":\"Fiery Love - Playboy Fragrance | DE\",\"isPartOf\":{\"@id\":\"https:\/\/playboyfragrances.com\/de\/#website\"},\"primaryImageOfPage\":{\"@id\":\"https:\/\/playboyfragrances.com\/de\/product\/fiery-love\/#primaryimage\"},\"datePublished\":\"2024-03-21T15:08:01+00:00\",\"dateModified\":\"2024-05-30T09:32:25+00:00\",\"inLanguage\":\"en-GB\",\"potentialAction\":[{\"@type\":\"ReadAction\",\"target\":[\"https:\/\/playboyfragrances.com\/de\/product\/fiery-love\/\"]}]}]}<\/script>\n<!-- \/ Yoast SEO plugin. -->","_links":{"self":[{"href":"https:\/\/playboyfragrances.com\/de\/wp-json\/wp\/v2\/product\/741","targetHints":{"allow":["GET"]}}],"collection":[{"href":"https:\/\/playboyfragrances.com\/de\/wp-json\/wp\/v2\/product"}],"about":[{"href":"https:\/\/playboyfragrances.com\/de\/wp-json\/wp\/v2\/types\/product"}],"replies":[{"embeddable":true,"href":"https:\/\/playboyfragrances.com\/de\/wp-json\/wp\/v2\/comments?post=741"}],"wp:featuredmedia":[{"embeddable":true,"href":"https:\/\/playboyfragrances.com\/de\/wp-json\/wp\/v2\/media\/742"}],"wp:attachment":[{"href":"https:\/\/playboyfragrances.com\/de\/wp-json\/wp\/v2\/media?parent=741"}],"curies":[{"name":"wp","href":"https:\/\/api.w.org\/{rel}","templated":true}]}}