{"id":787,"date":"2024-09-30T09:30:16","date_gmt":"2024-09-30T08:30:16","guid":{"rendered":"https:\/\/playboyfragrances.com\/de\/?post_type=product&#038;p=787"},"modified":"2024-09-30T09:33:28","modified_gmt":"2024-09-30T08:33:28","slug":"wham-glam","status":"publish","type":"product","link":"https:\/\/playboyfragrances.com\/de\/product\/wham-glam\/","title":{"rendered":"WHAM GLAM"},"content":{"rendered":"<div class=\"block-product-description-container\">\n        <div class=\"block acf-block block-product-description\">\n            <div class=\"container\">\n                <div class=\"row product-and-description\">\n                    <div class=\"col-12 col-md-5\">\n                        <div class=\"product-description\">\n                            <div class=\"product-category\">\n                                <div class=\"hr-wrapper inline-hr-left\">\n                                <\/div>\n                            <\/div>\n                            <div class=\"product-title\">\n                                <div class=\"hr-wrapper inline-hr-right\">\n                                    <div class=\"hr\"><\/div>\n                                <\/div>\n                                <div class=\"slide-wrapper\">\n                                    <h1 class=\"h3 slide-up\">WHAM GLAM<\/h1>\n                                <\/div>\n                            <\/div>\n                            <p>Lasst die Korken knallen! Die #PlayboySquad ist hier und wir sind mehr als bereit euch hei\u00dfe Looks zu pr\u00e4sentieren! Heute Nacht leben wir unsere Wham Glam Fantasie voll aus! Inspiriert von glamour\u00f6sen Party N\u00e4chten, er\u00f6ffnet der Duft mit einer prickelnden Champagnernote und wird durch die reichhaltige Nuance roter Rosen erg\u00e4nzt. Die s\u00fc\u00dfe W\u00e4rme der Vanille rundet das luxuri\u00f6se Gef\u00fchl ab. Mit seiner pinken Verpackung, dem holografischen Schriftzug und dem bonbonrosa Inhalt sieht Wham Glam genauso extravagant aus, wie es riecht.<\/p>\n                                                                                                                    <a href=\"https:\/\/www.dm.de\/search?query=playboy&#038;searchType=product\" target=\"_blank\" class=\"btn btn-primary\">JETZT EINKAUFEN<\/a>\n                                                                                <\/div>\n                    <\/div>\n                    <div class=\"col-12 col-md-7\">\n                        <div class=\"product-image\">\n                            <img srcset=\"https:\/\/playboyfragrances.com\/de\/wp-content\/uploads\/sites\/3\/2024\/09\/WhamGlam-front-1.jpg 1x, https:\/\/playboyfragrances.com\/de\/wp-content\/uploads\/sites\/3\/2024\/09\/WhamGlam-front-1.jpg 2x\" class=\"img-fluid\" \/>\n                            <!--<img srcset=\"--><!--\/img\/products\/for-him.png 1x, --><!--\/img\/products\/for-him-2x.png 2x\" class=\"img-fluid\" \/>-->\n                        <\/div>\n                    <\/div>\n                <\/div>\n            <\/div>\n        <\/div>\n<\/div>\n\n<div class=\"block acf-block block-product-video\">\n    <div class=\"container-medium\">\n        <div class=\"row\">\n            <div class=\"col-12 px-0\">\n                <div class=\"overlay-wrapper\">\n                    <div class=\"overlay\"><\/div>\n                    <div class=\"video-wrapper\">\n                                                    <img decoding=\"async\" src=\"https:\/\/playboyfragrances.com\/de\/wp-content\/uploads\/sites\/3\/2024\/09\/Olfactive_Wham_Glam.jpg\" alt=\"\" class=\"img-fluid\" \/>\n                                                                    <\/div>\n                <\/div>\n            <\/div>\n        <\/div>\n    <\/div>\n<\/div>\n\n<div class=\"block block-core block-core\/spacer\">\n<div style=\"height:100px\" aria-hidden=\"true\" class=\"wp-block-spacer\"><\/div>\n<\/div>\n\n<div class=\"block acf-block block-product-ingredients\">\n    <div class=\"container\">\n            <div class=\"product-ingredients-background\">\n            <div class=\"row\">\n                <div class=\"col-12 col-md-7\">\n                    <div class=\"product-ingredients-image\">\n                        <div class=\"ingredients-image\">\n                            <img decoding=\"async\" src=\"https:\/\/playboyfragrances.com\/de\/wp-content\/uploads\/sites\/3\/2024\/09\/TheScent-2-1.jpg\" class=\"img-fluid\" \/>\n                        <\/div>\n                    <\/div>\n                <\/div>\n                <div class=\"col-12 col-md-5 product-ingredients-wrapper\">\n                    <div class=\"product-ingredients\">\n                        <div class=\"product-ingredients-content\">\n                            <div class=\"hr-wrapper\">\n                                <div class=\"hr\"><\/div>\n                            <\/div>\n                            <div class=\"slide-wrapper\">\n                                <h3 class=\"slide-up\">Der Duft<\/h3>\n                            <\/div>\n                            <div class=\"fade-in\">\n                                \n                                                                    <ul>\n<li>Prickelnder Champagner<\/li>\n<li>Rote Rosen<\/li>\n<li>S\u00fc\u00dfe Vanille<\/li>\n<\/ul>\n                                                                \n                                <!--Lorem ipsum dolor sit amet, consectetur adipiscing elit, sed do eiusmod tempor incididunt ut labore et dolore magna aliqua. Ut enim ad minim veniam, quis nostrud exercitation ullamco laboris.-->\n                                <!--<a href=\"\" class=\"btn btn-primary\">Shop now<\/a>-->\n                            <\/div>\n                        <\/div>\n                    <\/div>\n                <\/div>\n            <\/div>\n        <\/div>\n    <\/div>\n<\/div>\n\n<div class=\"block acf-block block-product-collage fade-in parallax-2\">\n    <div class=\"container\">\n        <div class=\"row\">\n            <div class=\"col-12 col-md-7\">\n                <div class=\"product-collage collage-image-left\">\n                    <img decoding=\"async\" src=\"https:\/\/playboyfragrances.com\/de\/wp-content\/uploads\/sites\/3\/2024\/09\/left-2.jpeg\" class=\"img-fluid\" \/>\n                <\/div>\n            <\/div>\n            <div class=\"col-12 col-md-5\">\n                <div class=\"product-collage collage-image-right parallax-1\">\n                    <img decoding=\"async\" src=\"\" class=\"img-fluid\" \/>\n                <\/div>\n                <div class=\"product-collage collage-image-center parallax-2\">\n                    <img decoding=\"async\" src=\"https:\/\/playboyfragrances.com\/de\/wp-content\/uploads\/sites\/3\/2024\/09\/right-2.jpeg\" class=\"img-fluid\" \/>\n                <\/div>\n            <\/div>\n        <\/div>\n    <\/div>\n<\/div>\n\n<div class=\"block block-core block-core\/spacer\">\n<div style=\"height:256px\" aria-hidden=\"true\" class=\"wp-block-spacer\"><\/div>\n<\/div>","protected":false},"excerpt":{"rendered":"<p>Lasst die Korken knallen! Die #PlayboySquad ist hier und wir sind mehr als bereit euch hei\u00dfe Looks zu pr\u00e4sentieren! Heute Nacht leben wir unsere Wham Glam Fantasie voll aus! Inspiriert von glamour\u00f6sen Party N\u00e4chten, er\u00f6ffnet der Duft mit einer prickelnden Champagnernote und wird durch die reichhaltige Nuance roter Rosen erg\u00e4nzt. Die s\u00fc\u00dfe W\u00e4rme der Vanille rundet das luxuri\u00f6se Gef\u00fchl ab. Mit seiner pinken Verpackung, dem holografischen Schriftzug und dem bonbonrosa Inhalt sieht Wham Glam genauso extravagant aus, wie es riecht.<\/p>\n","protected":false},"featured_media":788,"comment_status":"open","ping_status":"closed","template":"","meta":[],"class_list":["post-787","product","type-product","status-publish","has-post-thumbnail","hentry","product_cat-edt"],"yoast_head":"<!-- This site is optimized with the Yoast SEO plugin v14.7 - https:\/\/yoast.com\/wordpress\/plugins\/seo\/ -->\n<title>WHAM GLAM - Playboy Fragrance | DE<\/title>\n<meta name=\"robots\" content=\"index, follow\" \/>\n<meta name=\"googlebot\" content=\"index, follow, max-snippet:-1, max-image-preview:large, max-video-preview:-1\" \/>\n<meta name=\"bingbot\" content=\"index, follow, max-snippet:-1, max-image-preview:large, max-video-preview:-1\" \/>\n<link rel=\"canonical\" href=\"https:\/\/playboyfragrances.com\/de\/product\/wham-glam\/\" \/>\n<meta property=\"og:locale\" content=\"en_GB\" \/>\n<meta property=\"og:type\" content=\"article\" \/>\n<meta property=\"og:title\" content=\"WHAM GLAM - Playboy Fragrance | DE\" \/>\n<meta property=\"og:description\" content=\"Lasst die Korken knallen! Die #PlayboySquad ist hier und wir sind mehr als bereit euch hei\u00dfe Looks zu pr\u00e4sentieren! Heute Nacht leben wir unsere Wham Glam Fantasie voll aus! Inspiriert von glamour\u00f6sen Party N\u00e4chten, er\u00f6ffnet der Duft mit einer prickelnden Champagnernote und wird durch die reichhaltige Nuance roter Rosen erg\u00e4nzt. Die s\u00fc\u00dfe W\u00e4rme der Vanille rundet das luxuri\u00f6se Gef\u00fchl ab. Mit seiner pinken Verpackung, dem holografischen Schriftzug und dem bonbonrosa Inhalt sieht Wham Glam genauso extravagant aus, wie es riecht.\" \/>\n<meta property=\"og:url\" content=\"https:\/\/playboyfragrances.com\/de\/product\/wham-glam\/\" \/>\n<meta property=\"og:site_name\" content=\"Playboy Fragrance | DE\" \/>\n<meta property=\"article:modified_time\" content=\"2024-09-30T08:33:28+00:00\" \/>\n<meta property=\"og:image\" content=\"https:\/\/playboyfragrances.com\/de\/wp-content\/uploads\/sites\/3\/2024\/09\/WhamGlam-front-1.jpg\" \/>\n\t<meta property=\"og:image:width\" content=\"683\" \/>\n\t<meta property=\"og:image:height\" content=\"1024\" \/>\n<meta name=\"twitter:card\" content=\"summary_large_image\" \/>\n<script type=\"application\/ld+json\" class=\"yoast-schema-graph\">{\"@context\":\"https:\/\/schema.org\",\"@graph\":[{\"@type\":\"WebSite\",\"@id\":\"https:\/\/playboyfragrances.com\/de\/#website\",\"url\":\"https:\/\/playboyfragrances.com\/de\/\",\"name\":\"Playboy Fragrance | DE\",\"description\":\"\",\"potentialAction\":[{\"@type\":\"SearchAction\",\"target\":\"https:\/\/playboyfragrances.com\/de\/?s={search_term_string}\",\"query-input\":\"required name=search_term_string\"}],\"inLanguage\":\"en-GB\"},{\"@type\":\"ImageObject\",\"@id\":\"https:\/\/playboyfragrances.com\/de\/product\/wham-glam\/#primaryimage\",\"inLanguage\":\"en-GB\",\"url\":\"https:\/\/playboyfragrances.com\/de\/wp-content\/uploads\/sites\/3\/2024\/09\/WhamGlam-front-1.jpg\",\"width\":683,\"height\":1024},{\"@type\":\"WebPage\",\"@id\":\"https:\/\/playboyfragrances.com\/de\/product\/wham-glam\/#webpage\",\"url\":\"https:\/\/playboyfragrances.com\/de\/product\/wham-glam\/\",\"name\":\"WHAM GLAM - Playboy Fragrance | DE\",\"isPartOf\":{\"@id\":\"https:\/\/playboyfragrances.com\/de\/#website\"},\"primaryImageOfPage\":{\"@id\":\"https:\/\/playboyfragrances.com\/de\/product\/wham-glam\/#primaryimage\"},\"datePublished\":\"2024-09-30T08:30:16+00:00\",\"dateModified\":\"2024-09-30T08:33:28+00:00\",\"inLanguage\":\"en-GB\",\"potentialAction\":[{\"@type\":\"ReadAction\",\"target\":[\"https:\/\/playboyfragrances.com\/de\/product\/wham-glam\/\"]}]}]}<\/script>\n<!-- \/ Yoast SEO plugin. -->","_links":{"self":[{"href":"https:\/\/playboyfragrances.com\/de\/wp-json\/wp\/v2\/product\/787","targetHints":{"allow":["GET"]}}],"collection":[{"href":"https:\/\/playboyfragrances.com\/de\/wp-json\/wp\/v2\/product"}],"about":[{"href":"https:\/\/playboyfragrances.com\/de\/wp-json\/wp\/v2\/types\/product"}],"replies":[{"embeddable":true,"href":"https:\/\/playboyfragrances.com\/de\/wp-json\/wp\/v2\/comments?post=787"}],"wp:featuredmedia":[{"embeddable":true,"href":"https:\/\/playboyfragrances.com\/de\/wp-json\/wp\/v2\/media\/788"}],"wp:attachment":[{"href":"https:\/\/playboyfragrances.com\/de\/wp-json\/wp\/v2\/media?parent=787"}],"curies":[{"name":"wp","href":"https:\/\/api.w.org\/{rel}","templated":true}]}}