{"id":800,"date":"2024-09-30T09:36:27","date_gmt":"2024-09-30T08:36:27","guid":{"rendered":"https:\/\/playboyfragrances.com\/de\/?post_type=product&#038;p=800"},"modified":"2024-09-30T09:36:40","modified_gmt":"2024-09-30T08:36:40","slug":"golden-era","status":"publish","type":"product","link":"https:\/\/playboyfragrances.com\/de\/product\/golden-era\/","title":{"rendered":"Golden ERA"},"content":{"rendered":"<div class=\"block-product-description-container\">\n        <div class=\"block acf-block block-product-description\">\n            <div class=\"container\">\n                <div class=\"row product-and-description\">\n                    <div class=\"col-12 col-md-5\">\n                        <div class=\"product-description\">\n                            <div class=\"product-category\">\n                                <div class=\"hr-wrapper inline-hr-left\">\n                                <\/div>\n                            <\/div>\n                            <div class=\"product-title\">\n                                <div class=\"hr-wrapper inline-hr-right\">\n                                    <div class=\"hr\"><\/div>\n                                <\/div>\n                                <div class=\"slide-wrapper\">\n                                    <h1 class=\"h3 slide-up\">Golden ERA<\/h1>\n                                <\/div>\n                            <\/div>\n                            <p>Wir bl\u00fchen auf, wenn wir neue St\u00e4dte erkunden, andere Kulturen kennenlernen und der Sonne hinterherjagen. Wir leben jeden Tag unser bestes Leben und schweben in einem traumhaften Zustand der Euphorie. Wir leben in unserer pers\u00f6nlichen Golden Era. Wir k\u00f6nnen gehen, wohin wir wollen und wann wir es wollen. Golden Era ist ein ambrierter, blumig-holziger Duft, der an ferne Orte erinnert. Eine tropische Mischung aus Kokosnuss und Salty Skin Akkorden zaubert paradiesische Inseln hervor, bevor sie sich auf einer verlockenden Spur aus warmen, ger\u00f6steten Tonkabohnen niederl\u00e4sst. Die goldene Verpackung, sowie der ros\u00e9goldene Inhalt des Parfums ist von warmen Sonnenstrahlen inspiriert.<\/p>\n                                                                                                                    <a href=\"https:\/\/www.mueller.de\/search\/?q=playboy&#038;ms=true\" target=\"_blank\" class=\"btn btn-primary\">JETZT EINKAUFEN<\/a>\n                                                                                <\/div>\n                    <\/div>\n                    <div class=\"col-12 col-md-7\">\n                        <div class=\"product-image\">\n                            <img srcset=\"https:\/\/playboyfragrances.com\/de\/wp-content\/uploads\/sites\/3\/2024\/09\/MyRules-front-2.jpg 1x, https:\/\/playboyfragrances.com\/de\/wp-content\/uploads\/sites\/3\/2024\/09\/MyRules-front-2.jpg 2x\" class=\"img-fluid\" \/>\n                            <!--<img srcset=\"--><!--\/img\/products\/for-him.png 1x, --><!--\/img\/products\/for-him-2x.png 2x\" class=\"img-fluid\" \/>-->\n                        <\/div>\n                    <\/div>\n                <\/div>\n            <\/div>\n        <\/div>\n<\/div>\n\n<div class=\"block acf-block block-product-video\">\n    <div class=\"container-medium\">\n        <div class=\"row\">\n            <div class=\"col-12 px-0\">\n                <div class=\"overlay-wrapper\">\n                    <div class=\"overlay\"><\/div>\n                    <div class=\"video-wrapper\">\n                                                    <img decoding=\"async\" src=\"https:\/\/playboyfragrances.com\/de\/wp-content\/uploads\/sites\/3\/2024\/09\/Olfactive_Golden.jpg\" alt=\"\" class=\"img-fluid\" \/>\n                                                                    <\/div>\n                <\/div>\n            <\/div>\n        <\/div>\n    <\/div>\n<\/div>\n\n<div class=\"block block-core block-core\/spacer\">\n<div style=\"height:100px\" aria-hidden=\"true\" class=\"wp-block-spacer\"><\/div>\n<\/div>\n\n<div class=\"block acf-block block-product-ingredients\">\n    <div class=\"container\">\n            <div class=\"product-ingredients-background\">\n            <div class=\"row\">\n                <div class=\"col-12 col-md-7\">\n                    <div class=\"product-ingredients-image\">\n                        <div class=\"ingredients-image\">\n                            <img decoding=\"async\" src=\"https:\/\/playboyfragrances.com\/de\/wp-content\/uploads\/sites\/3\/2024\/09\/TheScent-3-1.jpg\" class=\"img-fluid\" \/>\n                        <\/div>\n                    <\/div>\n                <\/div>\n                <div class=\"col-12 col-md-5 product-ingredients-wrapper\">\n                    <div class=\"product-ingredients\">\n                        <div class=\"product-ingredients-content\">\n                            <div class=\"hr-wrapper\">\n                                <div class=\"hr\"><\/div>\n                            <\/div>\n                            <div class=\"slide-wrapper\">\n                                <h3 class=\"slide-up\">Der Duft<\/h3>\n                            <\/div>\n                            <div class=\"fade-in\">\n                                \n                                                                    <ul>\n<li>Kuss der Kokosnuss<\/li>\n<li>Salty Skin Akkord<\/li>\n<li>Tonkabohnen<\/li>\n<\/ul>\n                                                                \n                                <!--Lorem ipsum dolor sit amet, consectetur adipiscing elit, sed do eiusmod tempor incididunt ut labore et dolore magna aliqua. Ut enim ad minim veniam, quis nostrud exercitation ullamco laboris.-->\n                                <!--<a href=\"\" class=\"btn btn-primary\">Shop now<\/a>-->\n                            <\/div>\n                        <\/div>\n                    <\/div>\n                <\/div>\n            <\/div>\n        <\/div>\n    <\/div>\n<\/div>\n\n<div class=\"block acf-block block-product-collage fade-in parallax-2\">\n    <div class=\"container\">\n        <div class=\"row\">\n            <div class=\"col-12 col-md-7\">\n                <div class=\"product-collage collage-image-left\">\n                    <img decoding=\"async\" src=\"https:\/\/playboyfragrances.com\/de\/wp-content\/uploads\/sites\/3\/2024\/09\/Left.jpeg\" class=\"img-fluid\" \/>\n                <\/div>\n            <\/div>\n            <div class=\"col-12 col-md-5\">\n                <div class=\"product-collage collage-image-right parallax-1\">\n                    <img decoding=\"async\" src=\"\" class=\"img-fluid\" \/>\n                <\/div>\n                <div class=\"product-collage collage-image-center parallax-2\">\n                    <img decoding=\"async\" src=\"https:\/\/playboyfragrances.com\/de\/wp-content\/uploads\/sites\/3\/2024\/09\/RIGHT.jpeg\" class=\"img-fluid\" \/>\n                <\/div>\n            <\/div>\n        <\/div>\n    <\/div>\n<\/div>\n\n<div class=\"block block-core block-core\/spacer\">\n<div style=\"height:256px\" aria-hidden=\"true\" class=\"wp-block-spacer\"><\/div>\n<\/div>","protected":false},"excerpt":{"rendered":"<p>Wir bl\u00fchen auf, wenn wir neue St\u00e4dte erkunden, andere Kulturen kennenlernen und der Sonne hinterherjagen. Wir leben jeden Tag unser bestes Leben und schweben in einem traumhaften Zustand der Euphorie. Wir leben in unserer pers\u00f6nlichen Golden Era. Wir k\u00f6nnen gehen, wohin wir wollen und wann wir es wollen. Golden Era ist ein ambrierter, blumig-holziger Duft, der an ferne Orte erinnert. Eine tropische Mischung aus Kokosnuss und Salty Skin Akkorden zaubert paradiesische Inseln hervor, bevor sie sich auf einer verlockenden Spur aus warmen, ger\u00f6steten Tonkabohnen niederl\u00e4sst. Die goldene Verpackung, sowie der ros\u00e9goldene Inhalt des Parfums ist von warmen Sonnenstrahlen inspiriert.<\/p>\n","protected":false},"featured_media":805,"comment_status":"open","ping_status":"closed","template":"","meta":[],"class_list":["post-800","product","type-product","status-publish","has-post-thumbnail","hentry","product_cat-edt"],"yoast_head":"<!-- This site is optimized with the Yoast SEO plugin v14.7 - https:\/\/yoast.com\/wordpress\/plugins\/seo\/ -->\n<title>Golden ERA - Playboy Fragrance | DE<\/title>\n<meta name=\"robots\" content=\"index, follow\" \/>\n<meta name=\"googlebot\" content=\"index, follow, max-snippet:-1, max-image-preview:large, max-video-preview:-1\" \/>\n<meta name=\"bingbot\" content=\"index, follow, max-snippet:-1, max-image-preview:large, max-video-preview:-1\" \/>\n<link rel=\"canonical\" href=\"https:\/\/playboyfragrances.com\/de\/product\/golden-era\/\" \/>\n<meta property=\"og:locale\" content=\"en_GB\" \/>\n<meta property=\"og:type\" content=\"article\" \/>\n<meta property=\"og:title\" content=\"Golden ERA - Playboy Fragrance | DE\" \/>\n<meta property=\"og:description\" content=\"Wir bl\u00fchen auf, wenn wir neue St\u00e4dte erkunden, andere Kulturen kennenlernen und der Sonne hinterherjagen. Wir leben jeden Tag unser bestes Leben und schweben in einem traumhaften Zustand der Euphorie. Wir leben in unserer pers\u00f6nlichen Golden Era. Wir k\u00f6nnen gehen, wohin wir wollen und wann wir es wollen. Golden Era ist ein ambrierter, blumig-holziger Duft, der an ferne Orte erinnert. Eine tropische Mischung aus Kokosnuss und Salty Skin Akkorden zaubert paradiesische Inseln hervor, bevor sie sich auf einer verlockenden Spur aus warmen, ger\u00f6steten Tonkabohnen niederl\u00e4sst. Die goldene Verpackung, sowie der ros\u00e9goldene Inhalt des Parfums ist von warmen Sonnenstrahlen inspiriert.\" \/>\n<meta property=\"og:url\" content=\"https:\/\/playboyfragrances.com\/de\/product\/golden-era\/\" \/>\n<meta property=\"og:site_name\" content=\"Playboy Fragrance | DE\" \/>\n<meta property=\"article:modified_time\" content=\"2024-09-30T08:36:40+00:00\" \/>\n<meta property=\"og:image\" content=\"https:\/\/playboyfragrances.com\/de\/wp-content\/uploads\/sites\/3\/2024\/09\/MyRules-front-2.jpg\" \/>\n\t<meta property=\"og:image:width\" content=\"683\" \/>\n\t<meta property=\"og:image:height\" content=\"1024\" \/>\n<meta name=\"twitter:card\" content=\"summary_large_image\" \/>\n<script type=\"application\/ld+json\" class=\"yoast-schema-graph\">{\"@context\":\"https:\/\/schema.org\",\"@graph\":[{\"@type\":\"WebSite\",\"@id\":\"https:\/\/playboyfragrances.com\/de\/#website\",\"url\":\"https:\/\/playboyfragrances.com\/de\/\",\"name\":\"Playboy Fragrance | DE\",\"description\":\"\",\"potentialAction\":[{\"@type\":\"SearchAction\",\"target\":\"https:\/\/playboyfragrances.com\/de\/?s={search_term_string}\",\"query-input\":\"required name=search_term_string\"}],\"inLanguage\":\"en-GB\"},{\"@type\":\"ImageObject\",\"@id\":\"https:\/\/playboyfragrances.com\/de\/product\/golden-era\/#primaryimage\",\"inLanguage\":\"en-GB\",\"url\":\"https:\/\/playboyfragrances.com\/de\/wp-content\/uploads\/sites\/3\/2024\/09\/MyRules-front-2.jpg\",\"width\":683,\"height\":1024},{\"@type\":\"WebPage\",\"@id\":\"https:\/\/playboyfragrances.com\/de\/product\/golden-era\/#webpage\",\"url\":\"https:\/\/playboyfragrances.com\/de\/product\/golden-era\/\",\"name\":\"Golden ERA - Playboy Fragrance | DE\",\"isPartOf\":{\"@id\":\"https:\/\/playboyfragrances.com\/de\/#website\"},\"primaryImageOfPage\":{\"@id\":\"https:\/\/playboyfragrances.com\/de\/product\/golden-era\/#primaryimage\"},\"datePublished\":\"2024-09-30T08:36:27+00:00\",\"dateModified\":\"2024-09-30T08:36:40+00:00\",\"inLanguage\":\"en-GB\",\"potentialAction\":[{\"@type\":\"ReadAction\",\"target\":[\"https:\/\/playboyfragrances.com\/de\/product\/golden-era\/\"]}]}]}<\/script>\n<!-- \/ Yoast SEO plugin. -->","_links":{"self":[{"href":"https:\/\/playboyfragrances.com\/de\/wp-json\/wp\/v2\/product\/800","targetHints":{"allow":["GET"]}}],"collection":[{"href":"https:\/\/playboyfragrances.com\/de\/wp-json\/wp\/v2\/product"}],"about":[{"href":"https:\/\/playboyfragrances.com\/de\/wp-json\/wp\/v2\/types\/product"}],"replies":[{"embeddable":true,"href":"https:\/\/playboyfragrances.com\/de\/wp-json\/wp\/v2\/comments?post=800"}],"wp:featuredmedia":[{"embeddable":true,"href":"https:\/\/playboyfragrances.com\/de\/wp-json\/wp\/v2\/media\/805"}],"wp:attachment":[{"href":"https:\/\/playboyfragrances.com\/de\/wp-json\/wp\/v2\/media?parent=800"}],"curies":[{"name":"wp","href":"https:\/\/api.w.org\/{rel}","templated":true}]}}