{"id":817,"date":"2025-04-22T09:39:51","date_gmt":"2025-04-22T08:39:51","guid":{"rendered":"https:\/\/playboyfragrances.com\/de\/?post_type=product&#038;p=817"},"modified":"2025-04-22T09:41:44","modified_gmt":"2025-04-22T08:41:44","slug":"sweet-kiss","status":"publish","type":"product","link":"https:\/\/playboyfragrances.com\/de\/product\/sweet-kiss\/","title":{"rendered":"SWEET KISS"},"content":{"rendered":"<div class=\"block-product-description-container\">\n        <div class=\"block acf-block block-product-description\">\n            <div class=\"container\">\n                <div class=\"row\">\n                    <div class=\"col-12 col-md-5\">\n                        <div class=\"product-description\">\n                            <div class=\"product-category\">\n                                <div class=\"hr-wrapper inline-hr-left\">\n                                <\/div>\n                            <\/div>\n                            <div class=\"product-title\">\n                                <div class=\"hr-wrapper inline-hr-right\">\n                                    <div class=\"hr\"><\/div>\n                                <\/div>\n                                <div class=\"slide-wrapper\">\n                                    <h1 class=\"h3 slide-up\" style=color:#f3cfb3;>\n                                        SWEET KISS                                    <\/h1>\n                                <\/div>\n                            <\/div>\n                            <p>Sweet Kiss enth\u00e4lt saftige Mandarine, cremigen Ingwer und Vanille (nat\u00fcrlich konnten wir die Vanille nicht weglassen &#8211; wir wissen, dass sie f\u00fcr unsere Vanille-liebenden Girlies unverzichtbar ist!) Glaube uns, wenn wir dir sagen, dass du \u00fcberall mit Komplimenten \u00fcberh\u00e4uft werden wirst.\r\nDas K\u00f6rperspray ist vegan und in einem zu 30% recycelten Flakon verpackt (very demure, very mindful we know).\r\nAnwendung: Gro\u00dfz\u00fcgig auf K\u00f6rper und Haare spr\u00fchen &#8211; mit anderen Worten: halte dich nicht zur\u00fcck, es ist unm\u00f6glich zu viel zu strahlen!<\/p>\n                                                                                    <div class=\"prouduct-desc-links\">\n                                                                                    <\/div>\n                        <\/div>\n                    <\/div>\n                    <div class=\"col-12 col-md-7\">\n                        <div class=\"product-image\">\n                            <img srcset=\"https:\/\/playboyfragrances.com\/de\/wp-content\/uploads\/sites\/3\/2025\/04\/SweetKissMain.png 1x, https:\/\/playboyfragrances.com\/de\/wp-content\/uploads\/sites\/3\/2025\/04\/SweetKissMain.png 2x\" class=\"img-fluid\" \/>\n                            <!--<img srcset=\"--><!--\/img\/products\/for-him.png 1x, --><!--\/img\/products\/for-him@2x.png 2x\" class=\"img-fluid\" \/>-->\n                        <\/div>\n                    <\/div>\n                <\/div>\n            <\/div>\n        <\/div>\n<\/div>\n\n\n<div class=\"block block-core block-core\/spacer\">\n<div style=\"height:100px\" aria-hidden=\"true\" class=\"wp-block-spacer\"><\/div>\n<\/div>\n\n<div class=\"block block-core block-core\/heading\">\n<h4 class=\"wp-block-heading has-text-align-center\" style=\"font-size:28px\">PLAYBOY \u201eSWEET KISS\u201c GOLDENER SCHIMMER HAIR UND BODY MIST<\/h4>\n<\/div>\n\n<div class=\"block block-core block-core\/columns\">\n<div class=\"wp-block-columns container is-layout-flex wp-container-core-columns-is-layout-9d6595d7 wp-block-columns-is-layout-flex\">\n<div class=\"wp-block-column is-layout-flow wp-block-column-is-layout-flow\"><div class=\"block block-core block-core\/image\">\n<figure class=\"wp-block-image size-full\"><img decoding=\"async\" src=\"https:\/\/playboyfragrances.com\/\/de\/wp-content\/uploads\/sites\/3\/2025\/03\/PBY_Shimmer_Sweet_Kiss_Before_2000px.jpg\" alt=\"\" class=\"wp-image-1034\" style=\"object-fit:cover\"\/><\/figure>\n<\/div><\/div>\n\n\n\n<div class=\"wp-block-column is-layout-flow wp-block-column-is-layout-flow\"><div class=\"block block-core block-core\/image\">\n<figure class=\"wp-block-image size-full\"><img decoding=\"async\" src=\"https:\/\/playboyfragrances.com\/\/de\/wp-content\/uploads\/sites\/3\/2025\/03\/PBY_Shimmer_Sweet_Kiss_After_2000px.jpg\" alt=\"\" class=\"wp-image-1035\" style=\"object-fit:cover\"\/><\/figure>\n<\/div><\/div>\n<\/div>\n<\/div>\n\n<div class=\"block block-core block-core\/paragraph\">\n<p class=\"has-text-align-center container has-medium-font-size\">Profi-Schimmer-Tipp: F\u00fcr den intensivsten Schimmer (tu es!!), trage das Produkt in mehreren Schichten auf und lassen jede Schicht trocknen, bevor du die n\u00e4chste auftr\u00e4gst.<\/p>\n<\/div>\n\n<div class=\"block acf-block block-product-ingredients\">\n    <div class=\"container\">\n            <div class=\"product-ingredients-background\">\n            <div class=\"row\">\n                <div class=\"col-12 col-md-7\">\n                    <div class=\"product-ingredients-image\">\n                        <div class=\"ingredients-image\">\n                            <img decoding=\"async\" src=\"https:\/\/playboyfragrances.com\/de\/wp-content\/uploads\/sites\/3\/2025\/04\/PBY_Shimmer_Body_Mist_Sweet_Kiss_Olfactive_HR.jpg\" class=\"img-fluid\" \/>\n                        <\/div>\n                    <\/div>\n                <\/div>\n                <div class=\"col-12 col-md-5 product-ingredients-wrapper\">\n                    <div class=\"product-ingredients\">\n                        <div class=\"product-ingredients-content\">\n                            <div class=\"hr-wrapper\">\n                                <div class=\"hr\"><\/div>\n                            <\/div>\n                            <div class=\"slide-wrapper\">\n                                <h3 class=\"slide-up\">Der Duft<\/h3>\n                            <\/div>\n                            <div class=\"fade-in\">\n                                \n                                                                    <p>Cremiger Ingwer, Saftige Mandarine, Vanille<\/p>\n                                                                \n                                <!--Lorem ipsum dolor sit amet, consectetur adipiscing elit, sed do eiusmod tempor incididunt ut labore et dolore magna aliqua. Ut enim ad minim veniam, quis nostrud exercitation ullamco laboris.-->\n                                <!--<a href=\"\" class=\"btn btn-primary\">Shop now<\/a>-->\n                            <\/div>\n                        <\/div>\n                    <\/div>\n                <\/div>\n            <\/div>\n        <\/div>\n    <\/div>\n<\/div>\n\n<div class=\"block block-core block-core\/spacer\">\n<div style=\"height:134px\" aria-hidden=\"true\" class=\"wp-block-spacer\"><\/div>\n<\/div>","protected":false},"excerpt":{"rendered":"<p class=\"p1\">Der \u201eMUST HAVE\u201c Schimmer Body Mist. Ja, du hast richtig geh\u00f6rt \u2013 denke an alles, was lecker, schimmernd und luxuri\u00f6s in einer Flasche ist, um dir den perfekten goldenen, sonnengebr\u00e4unten Glow zu verleihen. Und noch besser? Es ist f\u00fcr die Anwendung am ganzen K\u00f6rper gedacht &#8211; also auch f\u00fcr deine Haare!<\/p>\n","protected":false},"featured_media":814,"comment_status":"open","ping_status":"closed","template":"","meta":[],"class_list":["post-817","product","type-product","status-publish","has-post-thumbnail","hentry","product_cat-shimmer-fragrance-mists"],"yoast_head":"<!-- This site is optimized with the Yoast SEO plugin v14.7 - https:\/\/yoast.com\/wordpress\/plugins\/seo\/ -->\n<title>SWEET KISS - Playboy Fragrance | DE<\/title>\n<meta name=\"robots\" content=\"index, follow\" \/>\n<meta name=\"googlebot\" content=\"index, follow, max-snippet:-1, max-image-preview:large, max-video-preview:-1\" \/>\n<meta name=\"bingbot\" content=\"index, follow, max-snippet:-1, max-image-preview:large, max-video-preview:-1\" \/>\n<link rel=\"canonical\" href=\"https:\/\/playboyfragrances.com\/de\/product\/sweet-kiss\/\" \/>\n<meta property=\"og:locale\" content=\"en_GB\" \/>\n<meta property=\"og:type\" content=\"article\" \/>\n<meta property=\"og:title\" content=\"SWEET KISS - Playboy Fragrance | DE\" \/>\n<meta property=\"og:description\" content=\"Der \u201eMUST HAVE\u201c Schimmer Body Mist. Ja, du hast richtig geh\u00f6rt \u2013 denke an alles, was lecker, schimmernd und luxuri\u00f6s in einer Flasche ist, um dir den perfekten goldenen, sonnengebr\u00e4unten Glow zu verleihen. Und noch besser? Es ist f\u00fcr die Anwendung am ganzen K\u00f6rper gedacht - also auch f\u00fcr deine Haare!\" \/>\n<meta property=\"og:url\" content=\"https:\/\/playboyfragrances.com\/de\/product\/sweet-kiss\/\" \/>\n<meta property=\"og:site_name\" content=\"Playboy Fragrance | DE\" \/>\n<meta property=\"article:modified_time\" content=\"2025-04-22T08:41:44+00:00\" \/>\n<meta property=\"og:image\" content=\"https:\/\/playboyfragrances.com\/de\/wp-content\/uploads\/sites\/3\/2025\/04\/SweetKissMain.png\" \/>\n\t<meta property=\"og:image:width\" content=\"800\" \/>\n\t<meta property=\"og:image:height\" content=\"1200\" \/>\n<meta name=\"twitter:card\" content=\"summary_large_image\" \/>\n<script type=\"application\/ld+json\" class=\"yoast-schema-graph\">{\"@context\":\"https:\/\/schema.org\",\"@graph\":[{\"@type\":\"WebSite\",\"@id\":\"https:\/\/playboyfragrances.com\/de\/#website\",\"url\":\"https:\/\/playboyfragrances.com\/de\/\",\"name\":\"Playboy Fragrance | DE\",\"description\":\"\",\"potentialAction\":[{\"@type\":\"SearchAction\",\"target\":\"https:\/\/playboyfragrances.com\/de\/?s={search_term_string}\",\"query-input\":\"required name=search_term_string\"}],\"inLanguage\":\"en-GB\"},{\"@type\":\"ImageObject\",\"@id\":\"https:\/\/playboyfragrances.com\/de\/product\/sweet-kiss\/#primaryimage\",\"inLanguage\":\"en-GB\",\"url\":\"https:\/\/playboyfragrances.com\/de\/wp-content\/uploads\/sites\/3\/2025\/04\/SweetKissMain.png\",\"width\":800,\"height\":1200},{\"@type\":\"WebPage\",\"@id\":\"https:\/\/playboyfragrances.com\/de\/product\/sweet-kiss\/#webpage\",\"url\":\"https:\/\/playboyfragrances.com\/de\/product\/sweet-kiss\/\",\"name\":\"SWEET KISS - Playboy Fragrance | DE\",\"isPartOf\":{\"@id\":\"https:\/\/playboyfragrances.com\/de\/#website\"},\"primaryImageOfPage\":{\"@id\":\"https:\/\/playboyfragrances.com\/de\/product\/sweet-kiss\/#primaryimage\"},\"datePublished\":\"2025-04-22T08:39:51+00:00\",\"dateModified\":\"2025-04-22T08:41:44+00:00\",\"inLanguage\":\"en-GB\",\"potentialAction\":[{\"@type\":\"ReadAction\",\"target\":[\"https:\/\/playboyfragrances.com\/de\/product\/sweet-kiss\/\"]}]}]}<\/script>\n<!-- \/ Yoast SEO plugin. -->","_links":{"self":[{"href":"https:\/\/playboyfragrances.com\/de\/wp-json\/wp\/v2\/product\/817","targetHints":{"allow":["GET"]}}],"collection":[{"href":"https:\/\/playboyfragrances.com\/de\/wp-json\/wp\/v2\/product"}],"about":[{"href":"https:\/\/playboyfragrances.com\/de\/wp-json\/wp\/v2\/types\/product"}],"replies":[{"embeddable":true,"href":"https:\/\/playboyfragrances.com\/de\/wp-json\/wp\/v2\/comments?post=817"}],"wp:featuredmedia":[{"embeddable":true,"href":"https:\/\/playboyfragrances.com\/de\/wp-json\/wp\/v2\/media\/814"}],"wp:attachment":[{"href":"https:\/\/playboyfragrances.com\/de\/wp-json\/wp\/v2\/media?parent=817"}],"curies":[{"name":"wp","href":"https:\/\/api.w.org\/{rel}","templated":true}]}}