{"id":823,"date":"2024-09-07T09:27:01","date_gmt":"2024-09-07T08:27:01","guid":{"rendered":"https:\/\/playboyfragrances.com\/de\/?post_type=product&#038;p=823"},"modified":"2025-08-15T12:45:11","modified_gmt":"2025-08-15T11:45:11","slug":"beach-bunny","status":"publish","type":"product","link":"https:\/\/playboyfragrances.com\/de\/product\/beach-bunny\/","title":{"rendered":"Beach bunny"},"content":{"rendered":"<div class=\"block-product-description-container\">\n        <div class=\"block acf-block block-product-description\">\n            <div class=\"container\">\n                <div class=\"row\">\n                    <div class=\"col-12 col-md-5\">\n                        <div class=\"product-description\">\n                            <div class=\"product-category\">\n                                <div class=\"hr-wrapper inline-hr-left\">\n                                <\/div>\n                            <\/div>\n                            <div class=\"product-title\">\n                                <div class=\"hr-wrapper inline-hr-right\">\n                                    <div class=\"hr\"><\/div>\n                                <\/div>\n                                <div class=\"slide-wrapper\">\n                                    <h1 class=\"h3 slide-up\" style=color:#ffc000;>\n                                        Beach bunny                                    <\/h1>\n                                <\/div>\n                            <\/div>\n                            <p>Purer Sonnenschein in einer Flasche &#8211; alles, was lecker, s\u00fc\u00df und s\u00fcchtig machend ist! Wie ein Beach Bunny brauchst du nur das Meer, Sand und deinen Signature-Duft. Beach Bunny ist der perfekte vegane Sommerduft. Die erfrischende und saftige Kopfnote aus Mango-Gelato transportiert dich direkt an den Strand. Danach entfalten sich die Noten einer reichhaltigen und leckeren Pistaziencreme und Kokosnussmilch.<\/p>\n                                                                                    <div class=\"prouduct-desc-links\">\n                                                                                    <\/div>\n                        <\/div>\n                    <\/div>\n                    <div class=\"col-12 col-md-7\">\n                        <div class=\"product-image\">\n                            <img srcset=\"https:\/\/playboyfragrances.com\/de\/wp-content\/uploads\/sites\/3\/2025\/08\/PBY_EDT_Beach_Bunny_40ml_Bottle_and_Carton_B_HR1-1.jpg 1x, https:\/\/playboyfragrances.com\/de\/wp-content\/uploads\/sites\/3\/2025\/08\/PBY_EDT_Beach_Bunny_40ml_Bottle_and_Carton_B_HR1-1.jpg 2x\" class=\"img-fluid\" \/>\n                            <!--<img srcset=\"--><!--\/img\/products\/for-him.png 1x, --><!--\/img\/products\/for-him@2x.png 2x\" class=\"img-fluid\" \/>-->\n                        <\/div>\n                    <\/div>\n                <\/div>\n            <\/div>\n        <\/div>\n<\/div>\n\n\n<div class=\"block block-core block-core\/spacer\">\n<div style=\"height:100px\" aria-hidden=\"true\" class=\"wp-block-spacer\"><\/div>\n<\/div>\n\n<div class=\"block block-core block-core\/image\">\n<figure class=\"wp-block-image aligncenter size-full container-medium\"><img loading=\"lazy\" decoding=\"async\" width=\"2000\" height=\"2000\" src=\"https:\/\/playboyfragrances.com\/de\/wp-content\/uploads\/sites\/3\/2025\/08\/PBY_Fragrances_Olfactive_Notes_Beach_Bunny_Bottle_1x1-1.jpg\" alt=\"\" class=\"wp-image-828\" style=\"aspect-ratio:1;object-fit:cover\"\/><\/figure>\n<\/div>\n\n<div class=\"block block-core block-core\/columns\">\n<div class=\"wp-block-columns container is-layout-flex wp-container-core-columns-is-layout-9d6595d7 wp-block-columns-is-layout-flex\">\n<div class=\"wp-block-column is-layout-flow wp-block-column-is-layout-flow\"><\/div>\n\n\n\n<div class=\"wp-block-column is-layout-flow wp-block-column-is-layout-flow\"><\/div>\n<\/div>\n<\/div>\n\n<div class=\"block acf-block block-product-ingredients\">\n    <div class=\"container\">\n            <div class=\"product-ingredients-background\">\n            <div class=\"row\">\n                <div class=\"col-12 col-md-7\">\n                    <div class=\"product-ingredients-image\">\n                        <div class=\"ingredients-image\">\n                            <img decoding=\"async\" src=\"https:\/\/playboyfragrances.com\/de\/wp-content\/uploads\/sites\/3\/2025\/08\/PBY_EDT_Beach_Bunny_100ml_Bottle_A_Straight_HR-1.jpg\" class=\"img-fluid\" \/>\n                        <\/div>\n                    <\/div>\n                <\/div>\n                <div class=\"col-12 col-md-5 product-ingredients-wrapper\">\n                    <div class=\"product-ingredients\">\n                        <div class=\"product-ingredients-content\">\n                            <div class=\"hr-wrapper\">\n                                <div class=\"hr\"><\/div>\n                            <\/div>\n                            <div class=\"slide-wrapper\">\n                                <h3 class=\"slide-up\">Der Duft<\/h3>\n                            <\/div>\n                            <div class=\"fade-in\">\n                                \n                                                                    <p>Mango Gelato. Pistaziencreme. Kokosnussmilch.<\/p>\n                                                                \n                                <!--Lorem ipsum dolor sit amet, consectetur adipiscing elit, sed do eiusmod tempor incididunt ut labore et dolore magna aliqua. Ut enim ad minim veniam, quis nostrud exercitation ullamco laboris.-->\n                                <!--<a href=\"\" class=\"btn btn-primary\">Shop now<\/a>-->\n                            <\/div>\n                        <\/div>\n                    <\/div>\n                <\/div>\n            <\/div>\n        <\/div>\n    <\/div>\n<\/div>\n\n<div class=\"block block-core block-core\/spacer\">\n<div style=\"height:125px\" aria-hidden=\"true\" class=\"wp-block-spacer\"><\/div>\n<\/div>\n\n<div class=\"block acf-block block-product-collage fade-in parallax-2\">\n    <div class=\"container\">\n        <div class=\"row\">\n            <div class=\"col-12 col-md-7\">\n                <div class=\"product-collage collage-image-left\">\n                    <img decoding=\"async\" src=\"https:\/\/playboyfragrances.com\/de\/wp-content\/uploads\/sites\/3\/2024\/09\/PBY_EDT_Beach_Bunny_Still_June25_0029_HR-2-1.jpg\" class=\"img-fluid\" \/>\n                <\/div>\n            <\/div>\n            <div class=\"col-12 col-md-5\">\n                <div class=\"product-collage collage-image-right parallax-1\">\n                    <img decoding=\"async\" src=\"https:\/\/playboyfragrances.com\/de\/wp-content\/uploads\/sites\/3\/2024\/09\/PBY_EDT_Beach_Bunny_Still_June25_9279_HR-1-1.jpg\" class=\"img-fluid\" \/>\n                <\/div>\n                <div class=\"product-collage collage-image-center parallax-2\">\n                    <img decoding=\"async\" src=\"\" class=\"img-fluid\" \/>\n                <\/div>\n            <\/div>\n        <\/div>\n    <\/div>\n<\/div>\n\n<div class=\"block block-core block-core\/spacer\">\n<div style=\"height:484px\" aria-hidden=\"true\" class=\"wp-block-spacer\"><\/div>\n<\/div>","protected":false},"excerpt":{"rendered":"<p class=\"p1\">Purer Sonnenschein in einer Flasche &#8211; alles, was lecker, s\u00fc\u00df und s\u00fcchtig machend ist! Wie ein Beach Bunny brauchst du nur das Meer, Sand und deinen Signature-Duft. Beach Bunny ist der perfekte vegane Sommerduft. Die erfrischende und saftige Kopfnote aus Mango-Gelato transportiert dich direkt an den Strand. Danach entfalten sich die Noten einer reichhaltigen und leckeren Pistaziencreme und Kokosnussmilch.<\/p>\n","protected":false},"featured_media":827,"comment_status":"open","ping_status":"closed","template":"","meta":[],"class_list":["post-823","product","type-product","status-publish","has-post-thumbnail","hentry","product_cat-edt"],"yoast_head":"<!-- This site is optimized with the Yoast SEO plugin v14.7 - https:\/\/yoast.com\/wordpress\/plugins\/seo\/ -->\n<title>Beach bunny - Playboy Fragrance | DE<\/title>\n<meta name=\"robots\" content=\"index, follow\" \/>\n<meta name=\"googlebot\" content=\"index, follow, max-snippet:-1, max-image-preview:large, max-video-preview:-1\" \/>\n<meta name=\"bingbot\" content=\"index, follow, max-snippet:-1, max-image-preview:large, max-video-preview:-1\" \/>\n<link rel=\"canonical\" href=\"https:\/\/playboyfragrances.com\/de\/product\/beach-bunny\/\" \/>\n<meta property=\"og:locale\" content=\"en_GB\" \/>\n<meta property=\"og:type\" content=\"article\" \/>\n<meta property=\"og:title\" content=\"Beach bunny - Playboy Fragrance | DE\" \/>\n<meta property=\"og:description\" content=\"Purer Sonnenschein in einer Flasche - alles, was lecker, s\u00fc\u00df und s\u00fcchtig machend ist! Wie ein Beach Bunny brauchst du nur das Meer, Sand und deinen Signature-Duft. Beach Bunny ist der perfekte vegane Sommerduft. Die erfrischende und saftige Kopfnote aus Mango-Gelato transportiert dich direkt an den Strand. Danach entfalten sich die Noten einer reichhaltigen und leckeren Pistaziencreme und Kokosnussmilch.\" \/>\n<meta property=\"og:url\" content=\"https:\/\/playboyfragrances.com\/de\/product\/beach-bunny\/\" \/>\n<meta property=\"og:site_name\" content=\"Playboy Fragrance | DE\" \/>\n<meta property=\"article:modified_time\" content=\"2025-08-15T11:45:11+00:00\" \/>\n<meta property=\"og:image\" content=\"https:\/\/playboyfragrances.com\/de\/wp-content\/uploads\/sites\/3\/2025\/08\/PBY_EDT_Beach_Bunny_40ml_Bottle_and_Carton_B_HR1-1.jpg\" \/>\n\t<meta property=\"og:image:width\" content=\"1500\" \/>\n\t<meta property=\"og:image:height\" content=\"1816\" \/>\n<meta name=\"twitter:card\" content=\"summary_large_image\" \/>\n<script type=\"application\/ld+json\" class=\"yoast-schema-graph\">{\"@context\":\"https:\/\/schema.org\",\"@graph\":[{\"@type\":\"WebSite\",\"@id\":\"https:\/\/playboyfragrances.com\/de\/#website\",\"url\":\"https:\/\/playboyfragrances.com\/de\/\",\"name\":\"Playboy Fragrance | DE\",\"description\":\"\",\"potentialAction\":[{\"@type\":\"SearchAction\",\"target\":\"https:\/\/playboyfragrances.com\/de\/?s={search_term_string}\",\"query-input\":\"required name=search_term_string\"}],\"inLanguage\":\"en-GB\"},{\"@type\":\"ImageObject\",\"@id\":\"https:\/\/playboyfragrances.com\/de\/product\/beach-bunny\/#primaryimage\",\"inLanguage\":\"en-GB\",\"url\":\"https:\/\/playboyfragrances.com\/de\/wp-content\/uploads\/sites\/3\/2025\/08\/PBY_EDT_Beach_Bunny_40ml_Bottle_and_Carton_B_HR1-1.jpg\",\"width\":1500,\"height\":1816},{\"@type\":\"WebPage\",\"@id\":\"https:\/\/playboyfragrances.com\/de\/product\/beach-bunny\/#webpage\",\"url\":\"https:\/\/playboyfragrances.com\/de\/product\/beach-bunny\/\",\"name\":\"Beach bunny - Playboy Fragrance | DE\",\"isPartOf\":{\"@id\":\"https:\/\/playboyfragrances.com\/de\/#website\"},\"primaryImageOfPage\":{\"@id\":\"https:\/\/playboyfragrances.com\/de\/product\/beach-bunny\/#primaryimage\"},\"datePublished\":\"2024-09-07T08:27:01+00:00\",\"dateModified\":\"2025-08-15T11:45:11+00:00\",\"inLanguage\":\"en-GB\",\"potentialAction\":[{\"@type\":\"ReadAction\",\"target\":[\"https:\/\/playboyfragrances.com\/de\/product\/beach-bunny\/\"]}]}]}<\/script>\n<!-- \/ Yoast SEO plugin. -->","_links":{"self":[{"href":"https:\/\/playboyfragrances.com\/de\/wp-json\/wp\/v2\/product\/823","targetHints":{"allow":["GET"]}}],"collection":[{"href":"https:\/\/playboyfragrances.com\/de\/wp-json\/wp\/v2\/product"}],"about":[{"href":"https:\/\/playboyfragrances.com\/de\/wp-json\/wp\/v2\/types\/product"}],"replies":[{"embeddable":true,"href":"https:\/\/playboyfragrances.com\/de\/wp-json\/wp\/v2\/comments?post=823"}],"wp:featuredmedia":[{"embeddable":true,"href":"https:\/\/playboyfragrances.com\/de\/wp-json\/wp\/v2\/media\/827"}],"wp:attachment":[{"href":"https:\/\/playboyfragrances.com\/de\/wp-json\/wp\/v2\/media?parent=823"}],"curies":[{"name":"wp","href":"https:\/\/api.w.org\/{rel}","templated":true}]}}